
{"id":1238,"date":"2020-09-16T10:46:53","date_gmt":"2020-09-16T13:46:53","guid":{"rendered":"http:\/\/localhost:8080\/?page_id=1238"},"modified":"2020-09-16T10:46:53","modified_gmt":"2020-09-16T13:46:53","slug":"quem-somos","status":"publish","type":"page","link":"https:\/\/simpar.com.br\/en\/quem-somos\/","title":{"rendered":"About Us"},"content":{"rendered":"<div class=\"container\">\n<div class=\"row\">\n<div class=\"col-md-10 offset-md-1\">\n<section id=\"page-header\">\n<div class=\"container\">\n<h1>About Us<\/h1>\n<\/div>\n<\/section>\n<section class=\"page-content\">\n<div class=\"container\">\n<div class=\"row\">\n<div class=\"col-md-10 offset-md-1\">\n<p>We are a Group of over 40 thousand employees under the same Culture, Values and a Unique Management Model, which produces sustainable results aligned with the best ESG practices. We are a holding company that manages 7 independent and complementary operations in segments of logistics, mobility, sanitation, infrastructure, concessions, and financial services.<\/p>\n<p>In 1956, in the city of Mogi das Cruzes (SP), truck driver and Portuguese immigrant Julio Sim\u00f5es began a story of hard work that would result in one of Brazil's largest business groups. In 2010, JSL (Julio Sim\u00f5es Log\u00edstica) went public (IPO) on B3. The following years were marked by growth, the result of strategic planning and strong financial discipline, factors that led to business development and expansion. In 2020, the SIMPAR (SIMH3) brand was launched, the result of a corporate reorganization that simplified the Group's structure, with the aim of boosting business development.<\/p>\n<p>Culture and Values, a unique Management Model and commitment to Governance practices promote sustainable value generation for shareholders, employees, suppliers and all of the Company's stakeholders. To this end, SIMPAR directs the execution of the business plans of its subsidiaries: JSL (JSLG3), Movida (MOVI3), Vamos (VAMO3), CS Brasil, Automob, Banco BBC Digital and CS Infra. To generate returns compatible with each business, since its inception, the company's operations are marked by fair commercial relations and absolute focus on meeting the needs and expectations of the clients of each business.<\/p>\n<\/div>\n<\/div>\n<\/div>\n<div class=\"timeline-container\">\n<div id=\"timeline-carousel\" class=\"carousel slide\" data-bs-ride=\"carousel\">\n<div class=\"container\">\n<div class=\"row\">\n<div class=\"col-lg-4\">\n<h2>Our history<\/h2>\n<\/div>\n<div id=\"indicators\" class=\"col-lg-8\">\n<div id=\"arrowL\">Previous<\/div>\n<div id=\"indicators-cont\">\n<div class=\"carousel-indicators\"><\/div>\n<\/div>\n<\/div>\n<\/div>\n<\/div>\n<\/div>\n<\/div>\n<\/section>\n<div class=\"timeline-container\">\n<div id=\"timeline-carousel\" class=\"carousel slide\" data-bs-ride=\"carousel\">\n<div class=\"container\">\n<div class=\"row\">\n<div id=\"indicators\" class=\"col-lg-8\">\n<div id=\"arrowR\">Next<\/div>\n<\/div>\n<\/div>\n<div class=\"carousel-inner\">\n<div class=\"carousel-item active\">\n<div class=\"container\">\n<div class=\"row\">\n<div class=\"col-md-6\"><img data-recalc-dims=\"1\" decoding=\"async\" src=\"https:\/\/i0.wp.com\/simpar.com.br\/wp-content\/themes\/simpar-2022\/img\/tl1956.jpg?w=640&#038;ssl=1\" alt=\"Tr\u00eas pessoas a frente de caminh\u00f5es em foto dos anos 50\" title=\"\">On February 25, 1952, Mr. Julio Sim\u00f5es arrived in Santos, SP, from Portugal. He studied mechanics and worked with his uncle Arthur at Auto \u00d4nibus Mogi. His entrepreneurial phase began, starting as a peddler, then buying his first truck to transport fruit and vegetables.<\/p>\n<h3>The 50s<\/h3>\n<p>1956 - Beginning of the alliance with Suzano Papel e Celulose.<br \/>\n1958 - The company reaches a fleet of five vehicles.<\/p>\n<\/div>\n<div class=\"col-md-6\"><img data-recalc-dims=\"1\" decoding=\"async\" src=\"https:\/\/i0.wp.com\/simpar.com.br\/wp-content\/themes\/simpar-2022\/img\/tl1960.jpg?w=640&#038;ssl=1\" alt=\"Dois caminh\u00f5es estacionados em foto dos anos 60\" title=\"\">In 1962, Mr. Julio Sim\u00f5es bought his first zero-kilometer truck. He became responsible for all cargo transportation for Companhia Suzano de Papel e Celulose and set up Transportadora Julio Sim\u00f5es.<\/p>\n<h3>The 60s<\/h3>\n<p>First purchase of a 0KM truck, a Scania.<br \/>\n1962 - Headquarters set up in Mogi das Cruzes.<br \/>\n1964 - Opening of a branch of Transportadora Julio Sim\u00f5es Ltda. in Santos (SP).<\/p>\n<div class=\"col-lg-4\">\n<h2>Our history<\/h2>\n<\/div>\n<div id=\"indicators\" class=\"col-lg-8\">\n<div id=\"arrowL\">Previous<\/div>\n<div id=\"indicators-cont\">\n<div class=\"carousel-indicators\"><\/div>\n<\/div>\n<\/div>\n<div class=\"row\">\n<div id=\"indicators\" class=\"col-lg-8\">\n<div id=\"arrowR\">Next<\/div>\n<\/div>\n<\/div>\n<div class=\"carousel-inner\">\n<div class=\"carousel-item\">\n<div class=\"container\">\n<div class=\"row\">\n<div class=\"col-md-6\"><img data-recalc-dims=\"1\" decoding=\"async\" src=\"https:\/\/i0.wp.com\/simpar.com.br\/wp-content\/themes\/simpar-2022\/img\/tl1956.jpg?w=640&#038;ssl=1\" alt=\"Tr\u00eas pessoas a frente de caminh\u00f5es em foto dos anos 50\" title=\"\">On February 25, 1952, Mr. Julio Sim\u00f5es arrived in Santos, SP, from Portugal. He studied mechanics and worked with his uncle Arthur at Auto \u00d4nibus Mogi. His entrepreneurial phase began, starting as a peddler, then buying his first truck to transport fruit and vegetables.<\/p>\n<h3>The 50s<\/h3>\n<p>1956 - Beginning of the alliance with Suzano Papel e Celulose.<br \/>\n1958 - The company reaches a fleet of five vehicles.<\/p>\n<\/div>\n<div class=\"col-md-6\"><img data-recalc-dims=\"1\" decoding=\"async\" src=\"https:\/\/i0.wp.com\/simpar.com.br\/wp-content\/themes\/simpar-2022\/img\/tl1960.jpg?w=640&#038;ssl=1\" alt=\"Dois caminh\u00f5es estacionados em foto dos anos 60\" title=\"\">In 1962, Mr. Julio Sim\u00f5es bought his first zero-kilometer truck. He became responsible for all cargo transportation for Companhia Suzano de Papel e Celulose and set up Transportadora Julio Sim\u00f5es.<\/p>\n<h3>The 60s<\/h3>\n<p>First purchase of a 0KM truck, a Scania.<br \/>\n1962 - Headquarters set up in Mogi das Cruzes.<br \/>\n1964 - Opening of a branch of Transportadora Julio Sim\u00f5es Ltda. in Santos (SP).<\/p>\n<\/div>\n<\/div>\n<\/div>\n<\/div>\n<div class=\"carousel-item active\">\n<div class=\"container\">\n<div class=\"row\">\n<div class=\"col-md-6\"><img data-recalc-dims=\"1\" decoding=\"async\" src=\"https:\/\/i0.wp.com\/simpar.com.br\/wp-content\/themes\/simpar-2022\/img\/tl1970.jpg?w=640&#038;ssl=1\" alt=\"3 ve\u00edculos estacionados em frente a um pr\u00e9dio em foto dos anos 70\" title=\"\">In the 1970s, Mr. Julio bought the land on Avenida Saraiva. This became the future site of the company's administrative headquarters. In the same period, he acquired the former Transcofer transport company and obtained his Brazilian nationality certificate.<\/p>\n<h3>The 70s<\/h3>\n<p>Acquisition of a new company three times larger: Transcofer, which focuses on heavy cargo transportation.<\/p>\n<\/div>\n<div class=\"col-md-6\"><img data-recalc-dims=\"1\" decoding=\"async\" src=\"https:\/\/i0.wp.com\/simpar.com.br\/wp-content\/themes\/simpar-2022\/img\/tl1980.jpg?w=640&#038;ssl=1\" alt=\"\u00d4nibus em movimento em foto dos anos 80\" title=\"\">By the early 1980s, Transportadora Julio Sim\u00f5es already had a fleet of 300 trucks. Even so, the company continued to grow, and in 1984 acquired the company that distributed Antarctica drinks in the Mogi das Cruzes region.<\/p>\n<h3>The 80s<\/h3>\n<p>Start of the light vehicle rental and charter service for transporting employees within clients.<br \/>\n1982 - Establishment of an alliance with a major client in the steel sector.<\/p>\n<\/div>\n<\/div>\n<\/div>\n<\/div>\n<div class=\"carousel-item\">\n<div class=\"container\">\n<div class=\"row\">\n<div class=\"col-md-6\"><img data-recalc-dims=\"1\" decoding=\"async\" src=\"https:\/\/i0.wp.com\/simpar.com.br\/wp-content\/themes\/simpar-2022\/img\/tl1990.jpg?w=640&#038;ssl=1\" alt=\"Ve\u00edculos variados estacionados em frente a um pr\u00e9dio em foto dos anos 90\" title=\"\">The 1990s saw Mr. Julio's company diversify its services.<\/p>\n<h3>The 90s<\/h3>\n<p>Start of vehicle sales with the purchase of Original (Volkswagen brand).<br \/>\n1997 - ISO 9001 certification obtained.<br \/>\n1998 - First fleet outsourcing contract in urban cleaning, with almost 100 compactor trucks offered to Rio de Janeiro city hall.<br \/>\n1999 - Purchase of Transcel.<\/p>\n<\/div>\n<div class=\"col-md-6\"><img data-recalc-dims=\"1\" decoding=\"async\" src=\"https:\/\/i0.wp.com\/simpar.com.br\/wp-content\/themes\/simpar-2022\/img\/tl2000.jpg?w=640&#038;ssl=1\" alt=\"3 caminh\u00f5es estacionados em foto dos anos 2000\" title=\"\">In the 2000s, Mr. Julio Sim\u00f5es decided it was time to settle down professionally and chose Fernando Sim\u00f5es, his fifth son, as his successor. He leaves the company with a turnover of R$ 1.7 billion\/year, 12,000 employees, 112 branches, a fleet of 16,000 vehicles and highly diversified operations.<\/p>\n<h3>The 2000s<\/h3>\n<p>2009 - Creation of CS Brasil (Companhia de Servi\u00e7os), which consolidates operations for the public sector in fleet outsourcing management, urban cleaning and public transportation.<br \/>\nAcquisition of Lubiani Log\u00edstica, a company specializing in heavy transport.<\/p>\n<\/div>\n<\/div>\n<\/div>\n<\/div>\n<div class=\"carousel-item\">\n<div class=\"container\">\n<div class=\"row\">\n<div class=\"col-md-6\"><img data-recalc-dims=\"1\" decoding=\"async\" src=\"https:\/\/i0.wp.com\/simpar.com.br\/wp-content\/themes\/simpar-2022\/img\/tl2010.jpg?w=640&#038;ssl=1\" alt=\"Funcion\u00e1rios comemorando abertura de capital no Mercado Novo em foto de 2010\" title=\"\">Mr. Julio Sim\u00f5es left us on March 8, 2012, at the age of 84.<\/p>\n<h3>2010<\/h3>\n<p>Going public on the Novo Mercado, a major step for the company's growth, with BM&amp;FBovespa's highest standard of corporate governance.<\/p>\n<\/div>\n<div class=\"col-md-6\"><img data-recalc-dims=\"1\" decoding=\"async\" src=\"https:\/\/i0.wp.com\/simpar.com.br\/wp-content\/themes\/simpar-2022\/img\/tl2013.jpg?w=640&#038;ssl=1\" alt=\"Fachada da Movida com funcion\u00e1rios e ve\u00edculos da empresa em foto de 2013\" title=\"\"><\/p>\n<h3>2013<\/h3>\n<p>Acquisition of Movida Rent a Car, car rental.<\/p>\n<\/div>\n<\/div>\n<\/div>\n<\/div>\n<div class=\"carousel-item\">\n<div class=\"container\">\n<div class=\"row\">\n<div class=\"col-md-6\"><img data-recalc-dims=\"1\" decoding=\"async\" src=\"https:\/\/i0.wp.com\/simpar.com.br\/wp-content\/themes\/simpar-2022\/img\/tl2014.jpg?w=640&#038;ssl=1\" alt=\"Recepcionista da JSL atendendo cliente em foto de 2014\" title=\"\"><\/p>\n<h3>2014<\/h3>\n<p>JSL acquires BGN Leasing and creates JSL Leasing.<br \/>\nCompany becomes a signatory of the United Nations Global Compact.<br \/>\nAdmission to the B3 Corporate Sustainability Index (ISE).<\/p>\n<\/div>\n<div class=\"col-md-6\"><img data-recalc-dims=\"1\" decoding=\"async\" src=\"https:\/\/i0.wp.com\/simpar.com.br\/wp-content\/themes\/simpar-2022\/img\/tl2015.jpg?w=640&#038;ssl=1\" alt=\"In\u00fameros caminh\u00f5es estacionados em foto de 2015\" title=\"\"><\/p>\n<h3>2015<\/h3>\n<p>Creation of Vamos, which centralizes all long-term leasing activities and the sale of trucks, machinery and heavy equipment (without manpower).<br \/>\nMovida Seminovos begins operations.<br \/>\nJSL was elected the best company in the transportation sector by Exame magazine Melhores &amp; Maiores.<\/p>\n<\/div>\n<\/div>\n<\/div>\n<\/div>\n<div class=\"carousel-item\">\n<div class=\"container\">\n<div class=\"row\">\n<div class=\"col-md-6\"><img data-recalc-dims=\"1\" decoding=\"async\" src=\"https:\/\/i0.wp.com\/simpar.com.br\/wp-content\/themes\/simpar-2022\/img\/tl2016.jpg?w=640&#038;ssl=1\" alt=\"Logo de comemora\u00e7\u00e3o da JSL em comemora\u00e7\u00e3o aos 60 anos de funda\u00e7\u00e3o em 2016\" title=\"\"><\/p>\n<h3>2016<\/h3>\n<p>JSL turns 60. Acquisition of Quick Log\u00edstica.<br \/>\nJSL is elected the best company in the transportation sector for the second consecutive year by Exame magazine Melhores &amp; Maiores.<br \/>\nJSL wins the Transparency Award for the third time, which recognizes the best transparency practices in accounting information published to the market.<\/p>\n<\/div>\n<div class=\"col-md-6\"><img data-recalc-dims=\"1\" decoding=\"async\" src=\"https:\/\/i0.wp.com\/simpar.com.br\/wp-content\/themes\/simpar-2022\/img\/tl2017.jpg?w=640&#038;ssl=1\" alt=\"Funcion\u00e1rios comemorando resultados financeiros do ano de 2017\" title=\"\"><\/p>\n<h3>2017<\/h3>\n<p>Movida went public on the Novo Mercado, BM&amp;FBovespa's highest corporate governance standard.<br \/>\nAcquisition of the Borgato group.<\/p>\n<\/div>\n<\/div>\n<\/div>\n<\/div>\n<div class=\"carousel-item\">\n<div class=\"container\">\n<div class=\"row\">\n<div class=\"col-md-6\"><img data-recalc-dims=\"1\" decoding=\"async\" src=\"https:\/\/i0.wp.com\/simpar.com.br\/wp-content\/themes\/simpar-2022\/img\/tl2019.jpg?w=640&#038;ssl=1\" alt=\"Imagem de cart\u00e3o e aplicativo BBC Digital do ano de 2019\" title=\"\"><\/p>\n<h3>2019<\/h3>\n<p>Record net profit of R$ 319 million.<br \/>\nJSL Leasing is now called BBC Leasing.<br \/>\nCreation of BBC Digital, a digital platform focused on truckers and app drivers.<br \/>\nMovida is certified as a B Corporation.<\/p>\n<\/div>\n<div class=\"col-md-6\"><img data-recalc-dims=\"1\" decoding=\"async\" src=\"https:\/\/i0.wp.com\/simpar.com.br\/wp-content\/themes\/simpar-2022\/img\/tl2020.jpg?w=640&#038;ssl=1\" alt=\"Logo Simpar\" title=\"\"><\/p>\n<h3>2020<\/h3>\n<p>Creation of SIMPAR, the result of the corporate reorganization of the JSL group, which began a new cycle of development.<br \/>\nIPO of JSL, which now focuses exclusively on logistics services.<\/p>\n<\/div>\n<\/div>\n<\/div>\n<\/div>\n<div class=\"carousel-item\">\n<div class=\"container\">\n<div class=\"row\">\n<div class=\"col-md-6\"><img data-recalc-dims=\"1\" decoding=\"async\" src=\"https:\/\/i0.wp.com\/simpar.com.br\/wp-content\/themes\/simpar-2022\/img\/tl2021.jpg?w=640&#038;ssl=1\" alt=\"Funcion\u00e1rios em abertura de capital da Vamos no Mercado Novo em foto de 2021\" title=\"\"><\/p>\n<h3>2021<\/h3>\n<p>Vamos went public on the Novo Mercado, BM&amp;FBovespa's highest corporate governance standard.<br \/>\nAcquisition of Vox Frotas, Transportadora Rodomeu, TPC, Marvel, Monarca, BMB, Ciclus, UAB Motors, Sagamar, HM Empilhadeiras and Marbor Frotas.<br \/>\nCreation of CS Infra.<\/p>\n<\/div>\n<\/div>\n<\/div>\n<\/div>\n<\/div>\n<\/div>\n<\/div>\n<\/div>\n<\/div>\n<\/div>\n<\/div>\n<\/div>\n<\/div>\n<div id=\"values\" class=\"container\">\n<h2>Values<\/h2>\n<div class=\"row\">\n<div class=\"col-md-4\">\n<h3><img data-recalc-dims=\"1\" decoding=\"async\" src=\"https:\/\/i0.wp.com\/simpar.com.br\/wp-content\/themes\/simpar-2022\/img\/valor1.png?w=640&#038;ssl=1\" alt=\"\" title=\"\"> DEVOTION TO SERVE<\/h3>\n<p>We serve our customers with a focus on understanding their needs, to ensure long-term relationships.<\/p>\n<\/div>\n<div class=\"col-md-4\">\n<h3><img data-recalc-dims=\"1\" decoding=\"async\" src=\"https:\/\/i0.wp.com\/simpar.com.br\/wp-content\/themes\/simpar-2022\/img\/valor5.png?w=640&#038;ssl=1\" alt=\"\" title=\"\"> PEOPLE<\/h3>\n<p>Our People set us apart and allow us to achieve our goals.<\/p>\n<\/div>\n<div class=\"col-md-4\">\n<h3><img data-recalc-dims=\"1\" decoding=\"async\" src=\"https:\/\/i0.wp.com\/simpar.com.br\/wp-content\/themes\/simpar-2022\/img\/valor3.png?w=640&#038;ssl=1\" alt=\"\" title=\"\"> SIMPLICITY<\/h3>\n<p>Agility and simplicity in our actions and operations.<\/p>\n<\/div>\n<\/div>\n<div class=\"row\">\n<div class=\"col-md-4\">\n<h3><img data-recalc-dims=\"1\" decoding=\"async\" src=\"https:\/\/i0.wp.com\/simpar.com.br\/wp-content\/themes\/simpar-2022\/img\/valor2.png?w=640&#038;ssl=1\" alt=\"\" title=\"\"> OWNER ATTITUDE<\/h3>\n<p>Responsibility and commitment, with a focus on results. Actions on details without losing sight of the whole, with cost discipline and always willing to improve.<\/p>\n<\/div>\n<div class=\"col-md-4\">\n<h3><img data-recalc-dims=\"1\" decoding=\"async\" src=\"https:\/\/i0.wp.com\/simpar.com.br\/wp-content\/themes\/simpar-2022\/img\/valor4.png?w=640&#038;ssl=1\" alt=\"\" title=\"\"> Sustainability<\/h3>\n<p>Attitudes that are economically viable, ecologically correct and socially fair.<\/p>\n<\/div>\n<div class=\"col-md-4\">\n<h3><img data-recalc-dims=\"1\" decoding=\"async\" src=\"https:\/\/i0.wp.com\/simpar.com.br\/wp-content\/themes\/simpar-2022\/img\/valor6.png?w=640&#038;ssl=1\" alt=\"\" title=\"\"> PROFIT<\/h3>\n<p>Fundamental to the growth and sustainable development of our companies.<\/p>\n<\/div>\n<\/div>\n<\/div>\n<div class=\"container vertical-align-center\">\n<div class=\"row\">\n<div class=\"col-md-6\"><img data-recalc-dims=\"1\" decoding=\"async\" src=\"https:\/\/i0.wp.com\/simpar.com.br\/wp-content\/themes\/simpar-2022\/img\/empresa-politicas.jpg?w=640&#038;ssl=1\" alt=\"M\u00e3o fazendo anota\u00e7\u00f5es em post-it colado em parede\" title=\"\"><\/div>\n<div class=\"col-md-6 order-md-first\">\n<h2>Management Policies<\/h2>\n<p>On of Simpar\u2019s main objectives is to select, train, and qualify people who work with practices based on our Values and Cultures, following the guidelines of our Code of Conduct, and contributing to the sustainable development of its subsidiaries.<\/p>\n<p><a class=\"sbtn\" href=\"https:\/\/simpar.com.br\/arquivos\/politica-de-gestao-integrada.pdf\" target=\"_blank\" rel=\"noopener\">Download here<\/a><\/div>\n<\/div>\n<\/div>\n<\/div>\n<\/div>\n<\/div>","protected":false},"excerpt":{"rendered":"<p>Quem somos Somos um Grupo com mais de 40 mil colaboradores sob a mesma Cultura, Valores e um Modelo de [&hellip;]<\/p>\n","protected":false},"author":2,"featured_media":0,"parent":0,"menu_order":0,"comment_status":"closed","ping_status":"closed","template":"template-quem-somos.php","meta":{"_acf_changed":false,"footnotes":""},"class_list":["post-1238","page","type-page","status-publish","hentry"],"acf":[],"jetpack_sharing_enabled":true,"jetpack-related-posts":[{"id":268,"url":"https:\/\/simpar.com.br\/en\/sustentabilidade\/","url_meta":{"origin":1238,"position":0},"title":"Sustainability","author":"S","date":"17 de July de 2020","format":false,"excerpt":"Sustainable growth, with decisions that take into account the Economic, Environmental, Social and Governance dimensions in the Group and its subsidiaries. Strategies We have policies and actions aimed at efficient use of all natural resources. We have set targets for electricity and fuel consumption, as well as compensation programs, such as the...","rel":"","context":"Similar post","block_context":{"text":"Similar post","link":""},"img":{"alt_text":"","src":"","width":0,"height":0},"classes":[]},{"id":263,"url":"https:\/\/simpar.com.br\/en\/nossos-projetos\/","url_meta":{"origin":1238,"position":1},"title":"Our Projects","author":"S","date":"17 de July de 2020","format":false,"excerpt":"Our projects SIMPAR and its subsidiaries participate in a variety of social projects, as well as presenting their own initiatives that have an impact on the communities in which they operate. Through a socio-economic mapping of municipalities, it bases its actions on a diagnosis of the socio-environmental issues of each location, prioritizing the formation of networks of...","rel":"","context":"Similar post","block_context":{"text":"Similar post","link":""},"img":{"alt_text":"","src":"","width":0,"height":0},"classes":[]},{"id":19,"url":"https:\/\/simpar.com.br\/en\/home\/","url_meta":{"origin":1238,"position":2},"title":"Home","author":"S","date":"15 de July de 2020","format":false,"excerpt":"SIMPAR Holding controls 7 independent companies, with a Unique Management Model and Governance to generate Value in a sustainable way. We are more than 40,000 people.Learn more About our Companies SIMPAR operates throughout Brazil, as well as in countries in South America and South Africa. As a holding company, it...","rel":"","context":"Similar post","block_context":{"text":"Similar post","link":""},"img":{"alt_text":"","src":"","width":0,"height":0},"classes":[]},{"id":1905,"url":"https:\/\/simpar.com.br\/en\/imprensa\/","url_meta":{"origin":1238,"position":3},"title":"Press","author":"S","date":"22 de August de 2022","format":false,"excerpt":"Press Contacts For information about SIMPAR, its subsidiaries and the Julio Sim\u00f5es Institute:Material FactAngelita Gon\u00e7alvesService Director(11) 99196-1129imprensa.simpar@agenciafr.com.br For information about JSL:GBR Comunica\u00e7\u00e3oimprensa.jsl@gbr.com Photo gallery CaptionBBC Digital app and card CreditsJulio Bittencourt Download photo (14 mb) CaptionMan and his BBC Bank app...","rel":"","context":"Similar post","block_context":{"text":"Similar post","link":""},"img":{"alt_text":"","src":"","width":0,"height":0},"classes":[]},{"id":216,"url":"https:\/\/simpar.com.br\/en\/empresas\/","url_meta":{"origin":1238,"position":4},"title":"Companies","author":"S","date":"17 de July de 2020","format":false,"excerpt":"\u00a0 Companies The SIMPAR brand, listed on B3 (SIMH3), emerged in September 2020 from the corporate reorganization of the JSL Group. As a result, the holding company generates value for shareholders by simplifying its structure, with a Single Management Model, qualified people and values that underpin the...","rel":"","context":"Similar post","block_context":{"text":"Similar post","link":""},"img":{"alt_text":"","src":"","width":0,"height":0},"classes":[]},{"id":1854,"url":"https:\/\/simpar.com.br\/en\/relatorios-integrados\/","url_meta":{"origin":1238,"position":5},"title":"Integrated Reports","author":"S","date":"4 de August de 2022","format":false,"excerpt":"Our Integrated Reports present the SIMPAR Group's progress in the pillars of development and management model in recent periods, through the main business indicators and our ESG agenda, as well as the perception of our stakeholders. Click below on the period you want to download. Download the...","rel":"","context":"Similar post","block_context":{"text":"Similar post","link":""},"img":{"alt_text":"","src":"","width":0,"height":0},"classes":[]}],"_links":{"self":[{"href":"https:\/\/simpar.com.br\/en\/wp-json\/wp\/v2\/pages\/1238","targetHints":{"allow":["GET"]}}],"collection":[{"href":"https:\/\/simpar.com.br\/en\/wp-json\/wp\/v2\/pages"}],"about":[{"href":"https:\/\/simpar.com.br\/en\/wp-json\/wp\/v2\/types\/page"}],"author":[{"embeddable":true,"href":"https:\/\/simpar.com.br\/en\/wp-json\/wp\/v2\/users\/2"}],"replies":[{"embeddable":true,"href":"https:\/\/simpar.com.br\/en\/wp-json\/wp\/v2\/comments?post=1238"}],"version-history":[{"count":0,"href":"https:\/\/simpar.com.br\/en\/wp-json\/wp\/v2\/pages\/1238\/revisions"}],"wp:attachment":[{"href":"https:\/\/simpar.com.br\/en\/wp-json\/wp\/v2\/media?parent=1238"}],"curies":[{"name":"wp","href":"https:\/\/api.w.org\/{rel}","templated":true}]}}