
{"id":1855,"date":"2022-08-04T16:51:18","date_gmt":"2022-08-04T19:51:18","guid":{"rendered":"http:\/\/localhost:8888\/simpar-site\/?page_id=1855"},"modified":"2024-03-28T10:51:41","modified_gmt":"2024-03-28T13:51:41","slug":"trabalhe-conosco","status":"publish","type":"page","link":"https:\/\/simpar.com.br\/en\/trabalhe-conosco\/","title":{"rendered":"Work With Us"},"content":{"rendered":"<h2 class=\"wp-block-heading\">Selection Process<\/h2>\n\n\n\n<p>SIMPAR is a holding company that controls 7 independent companies: JSL, Movida, CS Brasil, Automob, Banco BBC Digital, and CS Infra. Our People comprise a diversity of generations, with complementary knowledge, experiences, and a lot of energy. Come and become a part of #OurPeople!<\/p>\n\n\n\n<figure class=\"wp-block-image\"><img data-recalc-dims=\"1\" decoding=\"async\" src=\"https:\/\/i0.wp.com\/simpar.com.br\/wp-content\/themes\/simpar-2022\/img\/trabalhe2.jpg?w=640&#038;ssl=1\" alt=\"Profissioanais da Simpar olhando para cima\" title=\"\"><\/figure>\n\n\n\n<h2 class=\"wp-block-heading\">See our available vacancies<\/h2>\n\n\n\n<p>Our opportunities are available on the Gupy platform., There, you can apply for vacant job openings in all the Group's companies or leave your resume registered in our Talent Bank. Check out our opportunities! <a href=\"https:\/\/simpar.gupy.io\/\" target=\"_blank\" rel=\"noreferrer noopener\">Log in to Simpar's Gupy<\/a><\/p>","protected":false},"excerpt":{"rendered":"<p>Processo de sele\u00e7\u00e3o A SIMPAR \u00e9 a holding que controla sete empresas independentes: JSL, Movida, Vamos, CS Brasil, Automob, Banco [&hellip;]<\/p>\n","protected":false},"author":2,"featured_media":0,"parent":0,"menu_order":0,"comment_status":"closed","ping_status":"closed","template":"template-trabalhe-conosco.php","meta":{"_acf_changed":false,"footnotes":""},"class_list":["post-1855","page","type-page","status-publish","hentry"],"acf":[],"jetpack_sharing_enabled":true,"jetpack-related-posts":[{"id":1905,"url":"https:\/\/simpar.com.br\/en\/imprensa\/","url_meta":{"origin":1855,"position":0},"title":"Press","author":"S","date":"22 de August de 2022","format":false,"excerpt":"Press Contacts For information about SIMPAR, its subsidiaries and the Julio Sim\u00f5es Institute:Material FactAngelita Gon\u00e7alvesService Director(11) 99196-1129imprensa.simpar@agenciafr.com.br For information about JSL:GBR Comunica\u00e7\u00e3oimprensa.jsl@gbr.com Photo gallery CaptionBBC Digital app and card CreditsJulio Bittencourt Download photo (14 mb) CaptionMan and his BBC Bank app...","rel":"","context":"Similar post","block_context":{"text":"Similar post","link":""},"img":{"alt_text":"","src":"","width":0,"height":0},"classes":[]},{"id":216,"url":"https:\/\/simpar.com.br\/en\/empresas\/","url_meta":{"origin":1855,"position":1},"title":"Companies","author":"S","date":"17 de July de 2020","format":false,"excerpt":"\u00a0 Companies The SIMPAR brand, listed on B3 (SIMH3), emerged in September 2020 from the corporate reorganization of the JSL Group. As a result, the holding company generates value for shareholders by simplifying its structure, with a Single Management Model, qualified people and values that underpin the...","rel":"","context":"Similar post","block_context":{"text":"Similar post","link":""},"img":{"alt_text":"","src":"","width":0,"height":0},"classes":[]},{"id":19,"url":"https:\/\/simpar.com.br\/en\/home\/","url_meta":{"origin":1855,"position":2},"title":"Home","author":"S","date":"15 de July de 2020","format":false,"excerpt":"SIMPAR Holding controls 7 independent companies, with a Unique Management Model and Governance to generate Value in a sustainable way. We are more than 40,000 people.Learn more About our Companies SIMPAR operates throughout Brazil, as well as in countries in South America and South Africa. As a holding company, it...","rel":"","context":"Similar post","block_context":{"text":"Similar post","link":""},"img":{"alt_text":"","src":"","width":0,"height":0},"classes":[]},{"id":1238,"url":"https:\/\/simpar.com.br\/en\/quem-somos\/","url_meta":{"origin":1855,"position":3},"title":"About Us","author":"S","date":"16 de September de 2020","format":false,"excerpt":"Who we are We are a Group with more than 40,000 employees under the same Culture, Values and a unique Management Model, which produces sustainable results in line with the best ESG practices. A holding company that manages 7 businesses with independent and complementary operations in the logistics, mobility, sanitation,...","rel":"","context":"Similar post","block_context":{"text":"Similar post","link":""},"img":{"alt_text":"","src":"","width":0,"height":0},"classes":[]},{"id":2183,"url":"https:\/\/simpar.com.br\/en\/seja-um-fornecedor\/","url_meta":{"origin":1855,"position":4},"title":"Become a supplier","author":"S","date":"6 de August de 2024","format":false,"excerpt":"Through pre-registration we have the opportunity to get to know your company. We prioritize sustainable procurement and value quality, as well as the efficiency of our partners, and we believe that your company can make a significant contribution to the success of our operations. Click and register 1. In this step, you register your...","rel":"","context":"Similar post","block_context":{"text":"Similar post","link":""},"img":{"alt_text":"","src":"","width":0,"height":0},"classes":[]},{"id":312,"url":"https:\/\/simpar.com.br\/en\/conformidade\/","url_meta":{"origin":1855,"position":5},"title":"Compliance","author":"S","date":"20 de July de 2020","format":false,"excerpt":"Compliance With a modern decision-making and strategic planning structure, aligned with the best market practices, SIMPAR considers corporate governance to be a driver of professionalism, innovation and achievement of the Mission, Vision and Organizational Values. Since 2010, we have been part of B3's Novo Mercado, which...","rel":"","context":"Similar post","block_context":{"text":"Similar post","link":""},"img":{"alt_text":"","src":"","width":0,"height":0},"classes":[]}],"_links":{"self":[{"href":"https:\/\/simpar.com.br\/en\/wp-json\/wp\/v2\/pages\/1855","targetHints":{"allow":["GET"]}}],"collection":[{"href":"https:\/\/simpar.com.br\/en\/wp-json\/wp\/v2\/pages"}],"about":[{"href":"https:\/\/simpar.com.br\/en\/wp-json\/wp\/v2\/types\/page"}],"author":[{"embeddable":true,"href":"https:\/\/simpar.com.br\/en\/wp-json\/wp\/v2\/users\/2"}],"replies":[{"embeddable":true,"href":"https:\/\/simpar.com.br\/en\/wp-json\/wp\/v2\/comments?post=1855"}],"version-history":[{"count":1,"href":"https:\/\/simpar.com.br\/en\/wp-json\/wp\/v2\/pages\/1855\/revisions"}],"predecessor-version":[{"id":2165,"href":"https:\/\/simpar.com.br\/en\/wp-json\/wp\/v2\/pages\/1855\/revisions\/2165"}],"wp:attachment":[{"href":"https:\/\/simpar.com.br\/en\/wp-json\/wp\/v2\/media?parent=1855"}],"curies":[{"name":"wp","href":"https:\/\/api.w.org\/{rel}","templated":true}]}}