
{"id":19,"date":"2020-07-15T16:59:43","date_gmt":"2020-07-15T19:59:43","guid":{"rendered":"http:\/\/149.28.213.96\/?page_id=19"},"modified":"2024-11-05T00:02:32","modified_gmt":"2024-11-05T03:02:32","slug":"home","status":"publish","type":"page","link":"https:\/\/simpar.com.br\/en\/home\/","title":{"rendered":"Home"},"content":{"rendered":"<p>SIMPAR<\/p>\n\n\n\n<p>A holding that owns 7 independent companies, with a Unique Management Model and Governance to generate Value in a sustainable manner. Today, we are more than 40,000 people.<a href=\"https:\/\/simpar.com.br\/en\/empresas\/\">Learn More<\/a><\/p>\n\n\n\n<h2 class=\"wp-block-heading\">Learn about our Companies<\/h2>\n\n\n\n<p class=\"translation-block\"><strong>SIMPAR<\/strong> operates throughout Brazil, as well as in other South America countries and in South Africa. As a holding, it sets out strategies for 7 independent operations: JSL, Movida, Vamos, CS Brasil, Automob, Banco BBC Digital and CS Infra. <a href=\"http:\/\/simpar.com.br\/en\/empresas\" target=\"_self\">Learn more about our businesses<\/a><\/p>\n\n\n\n<figure class=\"wp-block-image\"><a href=\"https:\/\/simpar.com.br\/en\/empresas\/\"><img data-recalc-dims=\"1\" decoding=\"async\" src=\"https:\/\/i0.wp.com\/simpar.com.br\/wp-content\/themes\/simpar-2022\/img\/jsl.png?w=640&#038;ssl=1\" alt=\"JSL\" title=\"\"><\/a><\/figure>\n\n\n\n<figure class=\"wp-block-image\"><a href=\"https:\/\/simpar.com.br\/en\/empresas\/\"><img data-recalc-dims=\"1\" decoding=\"async\" src=\"https:\/\/i0.wp.com\/simpar.com.br\/wp-content\/themes\/simpar-2022\/img\/movida.png?w=640&#038;ssl=1\" alt=\"Movida\" title=\"\"><\/a><\/figure>\n\n\n\n<figure class=\"wp-block-image\"><a href=\"https:\/\/simpar.com.br\/en\/empresas\/\"><img data-recalc-dims=\"1\" decoding=\"async\" src=\"https:\/\/i0.wp.com\/simpar.com.br\/wp-content\/themes\/simpar-2022\/img\/vamos.png?w=640&#038;ssl=1\" alt=\"Grupo Vamos\" title=\"\"><\/a><\/figure>\n\n\n\n<figure class=\"wp-block-image\"><a href=\"https:\/\/simpar.com.br\/en\/empresas\/\"><img data-recalc-dims=\"1\" decoding=\"async\" src=\"https:\/\/i0.wp.com\/simpar.com.br\/wp-content\/themes\/simpar-2022\/img\/csbrasil.png?w=640&#038;ssl=1\" alt=\"CSBrasil\" title=\"\"><\/a><\/figure>\n\n\n\n<figure class=\"wp-block-image\"><a href=\"https:\/\/simpar.com.br\/en\/empresas\/\"><img data-recalc-dims=\"1\" decoding=\"async\" src=\"https:\/\/i0.wp.com\/simpar.com.br\/wp-content\/themes\/simpar-2022\/img\/automob.png?w=640&#038;ssl=1\" alt=\"Automob\" title=\"\"><\/a><\/figure>\n\n\n\n<figure class=\"wp-block-image\"><a href=\"https:\/\/simpar.com.br\/en\/empresas\/\"><img data-recalc-dims=\"1\" decoding=\"async\" src=\"https:\/\/i0.wp.com\/simpar.com.br\/wp-content\/themes\/simpar-2022\/img\/bbc.png?w=640&#038;ssl=1\" alt=\"BBC Digital\" title=\"\"><\/a><\/figure>\n\n\n\n<figure class=\"wp-block-image\"><a href=\"https:\/\/simpar.com.br\/en\/empresas\/\"><img data-recalc-dims=\"1\" decoding=\"async\" src=\"https:\/\/i0.wp.com\/simpar.com.br\/wp-content\/themes\/simpar-2022\/img\/csinfra.png?w=640&#038;ssl=1\" alt=\"CSInfra\" title=\"\"><\/a><\/figure>\n\n\n\n<h2 class=\"wp-block-heading\">SIMPAR in Numbers<\/h2>\n\n\n\n<p>Over<strong> 40.000<\/strong> employees in the Group<\/p>\n\n\n\n<p><strong>179.363 <\/strong>people impacted by Julio Sim\u00f5es Institute projects<\/p>\n\n\n\n<p>Over<strong>66 years<\/strong> of history<\/p>\n\n\n\n<p>Over<strong> 230.000<\/strong> hours of training<\/p>\n\n\n\n<p><a href=\"https:\/\/simpar.com.br\/en\/quem-somos\/\">Learn more about our businesses<\/a><\/p>\n\n\n\n<p><img data-recalc-dims=\"1\" decoding=\"async\" src=\"https:\/\/i0.wp.com\/simpar.com.br\/wp-content\/themes\/simpar-2022\/img\/sv1.png?w=640&#038;ssl=1\" alt=\"Ilustra\u00e7\u00e3o com elementos gr\u00e1ficos\" title=\"\"><\/p>\n\n\n\n<h2 class=\"wp-block-heading\">Our Values<\/h2>\n\n\n\n<p>We are over 40.000 people connected by the same Culture, based on Values that have been with us since our establishment in 1956.<\/p>\n\n\n\n<p><img data-recalc-dims=\"1\" decoding=\"async\" src=\"https:\/\/i0.wp.com\/simpar.com.br\/wp-content\/themes\/simpar-2022\/img\/v1n.png?w=640&#038;ssl=1\" alt=\"Ilustra\u00e7\u00e3o com elementos gr\u00e1ficos\" title=\"\"><\/p>\n\n\n\n<h3 class=\"wp-block-heading\">DEVOTION TO SERVE<\/h3>\n\n\n\n<h3 class=\"wp-block-heading\">We serve our customers with a focus on understanding their needs, to ensure long-term relationships.<\/h3>\n\n\n\n<h2 class=\"wp-block-heading\">ESG Highlights<\/h2>\n\n\n\n<h3 class=\"wp-block-heading\">Strategy<\/h3>\n\n\n\n<p>Work on our Sustainability Policy, with alignment between our business strategy and positive impact transformations.<a href=\"https:\/\/simpar.com.br\/en\/estrategia\/\">Learn More<\/a><\/p>\n\n\n\n<h3 class=\"wp-block-heading\">Our Projects<\/h3>\n\n\n\n<p>Learn more about the social impact initiatives of <strong>SIMPAR<\/strong> and its subsidiaries within the communities they are inserted.<br><br><a href=\"https:\/\/simpar.com.br\/en\/quem-somos\/\">Learn More<\/a><\/p>\n\n\n\n<h3 class=\"wp-block-heading\">Integrated Reports<\/h3>\n\n\n\n<p>Check our yearly reports and learn about the Julio Sim\u00f5es Institute actions, projects, and data on Sustainability in <strong>SIMPAR<\/strong>.<a href=\"https:\/\/simpar.com.br\/en\/relatorios-integrados\/\">Learn More<\/a><\/p>\n\n\n\n<h2 class=\"wp-block-heading\"><a href=\"https:\/\/simpar.com.br\/en\/noticias\/\">News<\/a><\/h2>\n\n\n\n<h2 class=\"wp-block-heading\">Subscribe to our Newsletter<\/h2>\n\n\n\n<p class=\"translation-block\">Stay up to date with news and highlights about  <strong>SIMPAR<\/strong> and its subsidiaries.<\/p>\n\n\n\n<p class=\"translation-block\">We will use your personal data to send you news and updates about <strong>SIMPAR<\/strong>'s services or products and about its businesses. For more details, see our  <a href=\"\/arquivos\/politica-de-privacidade.pdf\" target=\"_blank\">Privacy Policy<\/a>.<\/p>\n\n\n\n<h2 class=\"wp-block-heading\">SIMPAR<\/h2>\n\n\n\n<p>A holding company that owns 7 independent companies, with a Unique Management Model and Governance to generate Value in a sustainable manner. Today, we are more than 40,000 people.<a href=\"https:\/\/simpar.com.br\/en\/empresas\">Learn More<\/a><\/p>\n\n\n\n<p><img data-recalc-dims=\"1\" decoding=\"async\" src=\"https:\/\/i0.wp.com\/simpar.com.br\/wp-content\/themes\/simpar-2022\/img\/slide2d.jpg?w=640&#038;ssl=1\" alt=\"Caminh\u00f5es da JSL em paisagem no campo\" title=\"\"><\/p>\n\n\n\n<h2 class=\"wp-block-heading\">JSL<\/h2>\n\n\n\n<p>Leader in road logistics, with the largest and most complete logistics services portfolio in Brazil, the company focuses on understanding customers to better serve them.<a href=\"https:\/\/simpar.com.br\/en\/empresas\">Learn More<\/a><\/p>\n\n\n\n<p><img data-recalc-dims=\"1\" decoding=\"async\" src=\"https:\/\/i0.wp.com\/simpar.com.br\/wp-content\/themes\/simpar-2022\/img\/slide3d.jpg?w=640&#038;ssl=1\" alt=\"Funcion\u00e1ria da Movida atendendo cliente dentro de carro\" title=\"\"><\/p>\n\n\n\n<h2 class=\"wp-block-heading\">Movida<\/h2>\n\n\n\n<p>Innovative customer solutions. The only Rental Company in the world to receive the B Company Certification, and with the best efficiency indicators in the segment.<a href=\"https:\/\/simpar.com.br\/en\/empresas\">Learn More<\/a><\/p>\n\n\n\n<p><img data-recalc-dims=\"1\" decoding=\"async\" src=\"https:\/\/i0.wp.com\/simpar.com.br\/wp-content\/themes\/simpar-2022\/img\/slide4d.jpg?w=640&#038;ssl=1\" alt=\"Maquin\u00e1rio em opera\u00e7\u00e3o no campo\" title=\"\"><\/p>\n\n\n\n<h2 class=\"wp-block-heading\">Let's go<\/h2>\n\n\n\n<p>Pioneer in the truck, machinery, and equipment rental sectors, with synergy among different work fronts and a scalable business model.<a href=\"https:\/\/simpar.com.br\/en\/empresas\">Learn More<\/a><\/p>\n\n\n\n<p><img data-recalc-dims=\"1\" decoding=\"async\" src=\"https:\/\/i0.wp.com\/simpar.com.br\/wp-content\/themes\/simpar-2022\/img\/slide5d.jpg?w=640&#038;ssl=1\" alt=\"Quatro caminh\u00f5es estacionados com paisagem ao fundo\" title=\"\"><\/p>\n\n\n\n<h2 class=\"wp-block-heading\">CS Brasil<\/h2>\n\n\n\n<p>Transparency and resilience with long term contracts and key assets to improve management of state-owned and mixed-ownership companies.<a href=\"https:\/\/simpar.com.br\/en\/empresas\">Learn More<\/a><\/p>\n\n\n\n<p><img data-recalc-dims=\"1\" decoding=\"async\" src=\"https:\/\/i0.wp.com\/simpar.com.br\/wp-content\/themes\/simpar-2022\/img\/slide6d.jpg?w=640&#038;ssl=1\" alt=\"Tr\u00eas pessoas conversando em loja da Automob\" title=\"\"><\/p>\n\n\n\n<h2 class=\"wp-block-heading\">Automob<\/h2>\n\n\n\n<p>One of the largest car dealer networks in the country, with integrated mobility solutions for customers, from sales to after-sales services.<a href=\"https:\/\/simpar.com.br\/en\/empresas\">Learn More<\/a><\/p>\n\n\n\n<p><img data-recalc-dims=\"1\" decoding=\"async\" src=\"https:\/\/i0.wp.com\/simpar.com.br\/wp-content\/themes\/simpar-2022\/img\/slide7d.jpg?w=640&#038;ssl=1\" alt=\"Pessoa apresentando aplicativo de BBC Digital em aparelho celular\" title=\"\"><\/p>\n\n\n\n<h2 class=\"wp-block-heading\">BBC Digital Bank<\/h2>\n\n\n\n<p>A multiple bank, which enhances the development of our ecosystem, and offers customized financial products and services. <a href=\"https:\/\/simpar.com.br\/en\/empresas\">Learn More<\/a><\/p>\n\n\n\n<p><img data-recalc-dims=\"1\" decoding=\"async\" src=\"https:\/\/i0.wp.com\/simpar.com.br\/wp-content\/themes\/simpar-2022\/img\/slide8d.jpg?w=640&#038;ssl=1\" alt=\"Infraestrutura de CS Infra com paisagem ao fundo\" title=\"\"><\/p>\n\n\n\n<h2 class=\"wp-block-heading\">CS Infra<\/h2>\n\n\n\n<p>A company that manages long-term concessions, CS Infra is present in the mobility, sanitation, and infrastructure sectors. <a href=\"https:\/\/simpar.com.br\/en\/empresas\">Learn More<\/a><\/p>\n\n\n\n<h2 class=\"wp-block-heading\">Learn about our Companies<\/h2>\n\n\n\n<p><strong>SIMPAR<\/strong> operates throughout Brazil, as well as in other South America countries and in South Africa. As a holding company, it sets out strategies for 7 independent operations: JSL, Movida, Vamos, CS Brasil, Automob, Banco BBC Digital and CS Infra. <a href=\"http:\/\/simpar.com.br\/en\/empresas\">Learn more about our businesses<\/a><\/p>\n\n\n\n<figure class=\"wp-block-image\"><a href=\"https:\/\/simpar.com.br\/en\/empresas\"><img data-recalc-dims=\"1\" decoding=\"async\" src=\"https:\/\/i0.wp.com\/simpar.com.br\/wp-content\/themes\/simpar-2022\/img\/jsl.png?w=640&#038;ssl=1\" alt=\"JSL\" title=\"\"><\/a><\/figure>\n\n\n\n<figure class=\"wp-block-image\"><a href=\"https:\/\/simpar.com.br\/en\/empresas\"><img data-recalc-dims=\"1\" decoding=\"async\" src=\"https:\/\/i0.wp.com\/simpar.com.br\/wp-content\/themes\/simpar-2022\/img\/movida.png?w=640&#038;ssl=1\" alt=\"Movida\" title=\"\"><\/a><\/figure>\n\n\n\n<figure class=\"wp-block-image\"><a href=\"https:\/\/simpar.com.br\/en\/empresas\"><img data-recalc-dims=\"1\" decoding=\"async\" src=\"https:\/\/i0.wp.com\/simpar.com.br\/wp-content\/themes\/simpar-2022\/img\/vamos.png?w=640&#038;ssl=1\" alt=\"Grupo Vamos\" title=\"\"><\/a><\/figure>\n\n\n\n<figure class=\"wp-block-image\"><a href=\"https:\/\/simpar.com.br\/en\/empresas\"><img data-recalc-dims=\"1\" decoding=\"async\" src=\"https:\/\/i0.wp.com\/simpar.com.br\/wp-content\/themes\/simpar-2022\/img\/csbrasil.png?w=640&#038;ssl=1\" alt=\"CSBrasil\" title=\"\"><\/a><\/figure>\n\n\n\n<figure class=\"wp-block-image\"><a href=\"https:\/\/simpar.com.br\/en\/empresas\"><img data-recalc-dims=\"1\" decoding=\"async\" src=\"https:\/\/i0.wp.com\/simpar.com.br\/wp-content\/themes\/simpar-2022\/img\/automob.png?w=640&#038;ssl=1\" alt=\"Automob\" title=\"\"><\/a><\/figure>\n\n\n\n<figure class=\"wp-block-image\"><a href=\"https:\/\/simpar.com.br\/en\/empresas\"><img data-recalc-dims=\"1\" decoding=\"async\" src=\"https:\/\/i0.wp.com\/simpar.com.br\/wp-content\/themes\/simpar-2022\/img\/bbc.png?w=640&#038;ssl=1\" alt=\"BBC Digital\" title=\"\"><\/a><\/figure>\n\n\n\n<figure class=\"wp-block-image\"><a href=\"https:\/\/simpar.com.br\/en\/empresas\"><img data-recalc-dims=\"1\" decoding=\"async\" src=\"https:\/\/i0.wp.com\/simpar.com.br\/wp-content\/themes\/simpar-2022\/img\/csinfra.png?w=640&#038;ssl=1\" alt=\"CSInfra\" title=\"\"><\/a><\/figure>\n\n\n\n<h2 class=\"wp-block-heading\">SIMPAR in Numbers<\/h2>\n\n\n\n<p>Over<strong> 40.000<\/strong> employees in the Group<\/p>\n\n\n\n<p><strong>179.363 <\/strong>people impacted by projects of the Julio Sim\u00f5es Institute<\/p>\n\n\n\n<p>Over<strong>66 years<\/strong> of history<\/p>\n\n\n\n<p>Over<strong> 230.000<\/strong> hours of training<\/p>\n\n\n\n<p><a href=\"https:\/\/simpar.com.br\/en\/quem-somos\">Learn more about our businesses<\/a><\/p>\n\n\n\n<h2 class=\"wp-block-heading\">Our Values<\/h2>\n\n\n\n<p>We are over 40,000 people connected by the same Culture, based on Values that have been with us since our establishment in 1956.<\/p>\n\n\n\n<p><img data-recalc-dims=\"1\" decoding=\"async\" src=\"https:\/\/i0.wp.com\/simpar.com.br\/wp-content\/themes\/simpar-2022\/img\/sv1.png?w=640&#038;ssl=1\" alt=\"Ilustra\u00e7\u00e3o com elementos gr\u00e1ficos\" title=\"\"><\/p>\n\n\n\n<h2 class=\"wp-block-heading\">Our Values<\/h2>\n\n\n\n<p>We are over 40,000 people connected by the same Culture, based on Values that have been with us since our establishment in 1956.<\/p>\n\n\n\n<p><img data-recalc-dims=\"1\" decoding=\"async\" src=\"https:\/\/i0.wp.com\/simpar.com.br\/wp-content\/themes\/simpar-2022\/img\/v1n.png?w=640&#038;ssl=1\" alt=\"Ilustra\u00e7\u00e3o com elementos gr\u00e1ficos\" title=\"\"><\/p>\n\n\n\n<h3 class=\"wp-block-heading\">DEVOTION TO SERVE<\/h3>\n\n\n\n<h3 class=\"wp-block-heading\">We serve our customers with a focus on understanding their needs, to ensure long-term relationships.<\/h3>\n\n\n\n<p><img data-recalc-dims=\"1\" decoding=\"async\" src=\"https:\/\/i0.wp.com\/simpar.com.br\/wp-content\/themes\/simpar-2022\/img\/sv2.png?w=640&#038;ssl=1\" alt=\"Ilustra\u00e7\u00e3o com elementos gr\u00e1ficos\" title=\"\"><\/p>\n\n\n\n<h2 class=\"wp-block-heading\">Our Values<\/h2>\n\n\n\n<p>We are over 40,000 people connected by the same Culture, based on Values that have been with us since our establishment in 1956.<\/p>\n\n\n\n<p><img data-recalc-dims=\"1\" decoding=\"async\" src=\"https:\/\/i0.wp.com\/simpar.com.br\/wp-content\/themes\/simpar-2022\/img\/v2n.png?w=640&#038;ssl=1\" alt=\"Ilustra\u00e7\u00e3o com elementos gr\u00e1ficos\" title=\"\"><\/p>\n\n\n\n<h3 class=\"wp-block-heading\">PEOPLE<\/h3>\n\n\n\n<h3 class=\"wp-block-heading\">Our People set us apart and allow us to achieve our goals.<\/h3>\n\n\n\n<p><img data-recalc-dims=\"1\" decoding=\"async\" src=\"https:\/\/i0.wp.com\/simpar.com.br\/wp-content\/themes\/simpar-2022\/img\/sv3.png?w=640&#038;ssl=1\" alt=\"Ilustra\u00e7\u00e3o com elementos gr\u00e1ficos\" title=\"\"><\/p>\n\n\n\n<h2 class=\"wp-block-heading\">Our Values<\/h2>\n\n\n\n<p>We are over 40,000 people connected by the same Culture, based on Values that have been with us since our establishment in 1956.<\/p>\n\n\n\n<p><img data-recalc-dims=\"1\" decoding=\"async\" src=\"https:\/\/i0.wp.com\/simpar.com.br\/wp-content\/themes\/simpar-2022\/img\/v3n.png?w=640&#038;ssl=1\" alt=\"Ilustra\u00e7\u00e3o com elementos gr\u00e1ficos\" title=\"\"><\/p>\n\n\n\n<h3 class=\"wp-block-heading\">SIMPLICITY<\/h3>\n\n\n\n<h3 class=\"wp-block-heading\">Agility and simplicity in our actions and operations.<\/h3>\n\n\n\n<p><img data-recalc-dims=\"1\" decoding=\"async\" src=\"https:\/\/i0.wp.com\/simpar.com.br\/wp-content\/themes\/simpar-2022\/img\/sv4.png?w=640&#038;ssl=1\" alt=\"Ilustra\u00e7\u00e3o com elementos gr\u00e1ficos\" title=\"\"><\/p>\n\n\n\n<h2 class=\"wp-block-heading\">Our Values<\/h2>\n\n\n\n<p>We are over 40,000 people connected by the same Culture, based on Values that have been with us since our establishment in 1956.<\/p>\n\n\n\n<p><img data-recalc-dims=\"1\" decoding=\"async\" src=\"https:\/\/i0.wp.com\/simpar.com.br\/wp-content\/themes\/simpar-2022\/img\/v4n.png?w=640&#038;ssl=1\" alt=\"Ilustra\u00e7\u00e3o com elementos gr\u00e1ficos\" title=\"\"><\/p>\n\n\n\n<h3 class=\"wp-block-heading\">OWNER ATTITUDE<\/h3>\n\n\n\n<h3 class=\"wp-block-heading\">Responsibility and commitment, with a focus on results. Actions on details without losing sight of the whole, with cost discipline and always willing to improve.<\/h3>\n\n\n\n<p><img data-recalc-dims=\"1\" decoding=\"async\" src=\"https:\/\/i0.wp.com\/simpar.com.br\/wp-content\/themes\/simpar-2022\/img\/sv5.png?w=640&#038;ssl=1\" alt=\"Ilustra\u00e7\u00e3o com elementos gr\u00e1ficos\" title=\"\"><\/p>\n\n\n\n<h2 class=\"wp-block-heading\">Our Values<\/h2>\n\n\n\n<p>We are over 40,000 people connected by the same Culture, based on Values that have been with us since our establishment in 1956.<\/p>\n\n\n\n<p><img data-recalc-dims=\"1\" decoding=\"async\" src=\"https:\/\/i0.wp.com\/simpar.com.br\/wp-content\/themes\/simpar-2022\/img\/v5n.png?w=640&#038;ssl=1\" alt=\"Ilustra\u00e7\u00e3o com elementos gr\u00e1ficos\" title=\"\"><\/p>\n\n\n\n<h3 class=\"wp-block-heading\">Sustainability<\/h3>\n\n\n\n<h3 class=\"wp-block-heading\">Attitudes that are economically viable, ecologically correct and socially fair.<\/h3>\n\n\n\n<p><img data-recalc-dims=\"1\" decoding=\"async\" src=\"https:\/\/i0.wp.com\/simpar.com.br\/wp-content\/themes\/simpar-2022\/img\/sv6.png?w=640&#038;ssl=1\" alt=\"Ilustra\u00e7\u00e3o com elementos gr\u00e1ficos\" title=\"\"><\/p>\n\n\n\n<h2 class=\"wp-block-heading\">Our Values<\/h2>\n\n\n\n<p>We are over 40,000 people connected by the same Culture, based on Values that have been with us since our establishment in 1956.<\/p>\n\n\n\n<p><img data-recalc-dims=\"1\" decoding=\"async\" src=\"https:\/\/i0.wp.com\/simpar.com.br\/wp-content\/themes\/simpar-2022\/img\/v6n.png?w=640&#038;ssl=1\" alt=\"Ilustra\u00e7\u00e3o com elementos gr\u00e1ficos\" title=\"\"><\/p>\n\n\n\n<h3 class=\"wp-block-heading\">PROFIT<\/h3>\n\n\n\n<h3 class=\"wp-block-heading\">Fundamental to the growth and sustainable development of our companies.<\/h3>\n\n\n\n<h2 class=\"wp-block-heading\">ESG Highlights<\/h2>\n\n\n\n<h3 class=\"wp-block-heading\">Strategy<\/h3>\n\n\n\n<p>Work on our Sustainability Policy, with alignment between our business strategy and positive impact transformations.<a href=\"https:\/\/simpar.com.br\/en\/estrategia\">Learn More<\/a><\/p>\n\n\n\n<h3 class=\"wp-block-heading\">Our Projects<\/h3>\n\n\n\n<p>Learn more about the social impact initiatives of <strong>SIMPAR<\/strong> and its subsidiaries within the communities they are inserted.<br><br><a href=\"https:\/\/simpar.com.br\/en\/quem-somos\">Learn More<\/a><\/p>\n\n\n\n<h3 class=\"wp-block-heading\">Integrated Reports<\/h3>\n\n\n\n<p>Check our annual reports and learn about the Julio Sim\u00f5es Institute actions, projects, and data on Sustainability in <strong>SIMPAR<\/strong> practices.<a href=\"https:\/\/simpar.com.br\/en\/relatorios-integrados\">Learn More<\/a><\/p>\n\n\n\n<h2 class=\"wp-block-heading\"><a href=\"https:\/\/simpar.com.br\/en\/noticias\">News<\/a><\/h2>\n\n\n\n<h2 class=\"wp-block-heading\">Subscribe to our Newsletter<\/h2>\n\n\n\n<p>Stay up to date with news and highlights about <strong>SIMPAR<\/strong> and its subsidiaries.<\/p>\n\n\n\n<p class=\"translation-block\">We will use your personal data to send you news and updates about <strong>SIMPAR<\/strong>'s services or products and about its businesses. For more details, see our  <a href=\"\/arquivos\/politica-de-privacidade.pdf\" target=\"_blank\">Privacy Policy<\/a>.<\/p>","protected":false},"excerpt":{"rendered":"<p>SIMPAR Holding que controla 7 empresas independentes, com Modelo de Gest\u00e3o \u00danico e Governan\u00e7a para gerar Valor de forma sustent\u00e1vel. [&hellip;]<\/p>\n","protected":false},"author":2,"featured_media":0,"parent":0,"menu_order":0,"comment_status":"closed","ping_status":"closed","template":"home.php","meta":{"_acf_changed":false,"footnotes":""},"class_list":["post-19","page","type-page","status-publish","hentry"],"acf":[],"jetpack_sharing_enabled":true,"jetpack-related-posts":[{"id":1855,"url":"https:\/\/simpar.com.br\/en\/trabalhe-conosco\/","url_meta":{"origin":19,"position":0},"title":"Work With Us","author":"S","date":"4 de August de 2022","format":false,"excerpt":"Selection process SIMPAR is the holding company that controls seven independent companies: JSL, Movida, Vamos, CS Brasil, Automob, Banco BBC Digital and CS Infra. Our People are made up of a diversity of generations, with complementary knowledge and experience and a lot of energy to achieve. Come and be part of #NossaGente! See...","rel":"","context":"Similar post","block_context":{"text":"Similar post","link":""},"img":{"alt_text":"","src":"","width":0,"height":0},"classes":[]},{"id":216,"url":"https:\/\/simpar.com.br\/en\/empresas\/","url_meta":{"origin":19,"position":1},"title":"Companies","author":"S","date":"17 de July de 2020","format":false,"excerpt":"\u00a0 Companies The SIMPAR brand, listed on B3 (SIMH3), emerged in September 2020 from the corporate reorganization of the JSL Group. As a result, the holding company generates value for shareholders by simplifying its structure, with a Single Management Model, qualified people and values that underpin the...","rel":"","context":"Similar post","block_context":{"text":"Similar post","link":""},"img":{"alt_text":"","src":"","width":0,"height":0},"classes":[]},{"id":1905,"url":"https:\/\/simpar.com.br\/en\/imprensa\/","url_meta":{"origin":19,"position":2},"title":"Press","author":"S","date":"22 de August de 2022","format":false,"excerpt":"Press Contacts For information about SIMPAR, its subsidiaries and the Julio Sim\u00f5es Institute:Material FactAngelita Gon\u00e7alvesService Director(11) 99196-1129imprensa.simpar@agenciafr.com.br For information about JSL:GBR Comunica\u00e7\u00e3oimprensa.jsl@gbr.com Photo gallery CaptionBBC Digital app and card CreditsJulio Bittencourt Download photo (14 mb) CaptionMan and his BBC Bank app...","rel":"","context":"Similar post","block_context":{"text":"Similar post","link":""},"img":{"alt_text":"","src":"","width":0,"height":0},"classes":[]},{"id":1238,"url":"https:\/\/simpar.com.br\/en\/quem-somos\/","url_meta":{"origin":19,"position":3},"title":"About Us","author":"S","date":"16 de September de 2020","format":false,"excerpt":"Who we are We are a Group with more than 40,000 employees under the same Culture, Values and a unique Management Model, which produces sustainable results in line with the best ESG practices. A holding company that manages 7 businesses with independent and complementary operations in the logistics, mobility, sanitation,...","rel":"","context":"Similar post","block_context":{"text":"Similar post","link":""},"img":{"alt_text":"","src":"","width":0,"height":0},"classes":[]},{"id":268,"url":"https:\/\/simpar.com.br\/en\/sustentabilidade\/","url_meta":{"origin":19,"position":4},"title":"Sustainability","author":"S","date":"17 de July de 2020","format":false,"excerpt":"Sustainable growth, with decisions that take into account the Economic, Environmental, Social and Governance dimensions in the Group and its subsidiaries. Strategies We have policies and actions aimed at efficient use of all natural resources. We have set targets for electricity and fuel consumption, as well as compensation programs, such as the...","rel":"","context":"Similar post","block_context":{"text":"Similar post","link":""},"img":{"alt_text":"","src":"","width":0,"height":0},"classes":[]},{"id":1852,"url":"https:\/\/simpar.com.br\/en\/relacoes-com-investidores\/","url_meta":{"origin":19,"position":5},"title":"Investor relations","author":"S","date":"4 de August de 2022","format":false,"excerpt":"SIMPAR's strategy is to seek the constant development of all its subsidiaries, ensuring operational efficiency, high standards of governance, strategic alliances and the development of new businesses and segments for the Group. The management of the holding company's investment portfolio takes into account, among other factors, the return...","rel":"","context":"Similar post","block_context":{"text":"Similar post","link":""},"img":{"alt_text":"","src":"","width":0,"height":0},"classes":[]}],"_links":{"self":[{"href":"https:\/\/simpar.com.br\/en\/wp-json\/wp\/v2\/pages\/19","targetHints":{"allow":["GET"]}}],"collection":[{"href":"https:\/\/simpar.com.br\/en\/wp-json\/wp\/v2\/pages"}],"about":[{"href":"https:\/\/simpar.com.br\/en\/wp-json\/wp\/v2\/types\/page"}],"author":[{"embeddable":true,"href":"https:\/\/simpar.com.br\/en\/wp-json\/wp\/v2\/users\/2"}],"replies":[{"embeddable":true,"href":"https:\/\/simpar.com.br\/en\/wp-json\/wp\/v2\/comments?post=19"}],"version-history":[{"count":2,"href":"https:\/\/simpar.com.br\/en\/wp-json\/wp\/v2\/pages\/19\/revisions"}],"predecessor-version":[{"id":2504,"href":"https:\/\/simpar.com.br\/en\/wp-json\/wp\/v2\/pages\/19\/revisions\/2504"}],"wp:attachment":[{"href":"https:\/\/simpar.com.br\/en\/wp-json\/wp\/v2\/media?parent=19"}],"curies":[{"name":"wp","href":"https:\/\/api.w.org\/{rel}","templated":true}]}}