
{"id":1905,"date":"2022-08-22T17:54:00","date_gmt":"2022-08-22T20:54:00","guid":{"rendered":"http:\/\/localhost:8888\/simpar-site\/?page_id=1905"},"modified":"2022-08-22T17:54:00","modified_gmt":"2022-08-22T20:54:00","slug":"imprensa","status":"publish","type":"page","link":"https:\/\/simpar.com.br\/en\/imprensa\/","title":{"rendered":"Press"},"content":{"rendered":"<h2 class=\"wp-block-heading\">Press contacts<\/h2>\n\n\n\n<p><br>For information on SIMPAR, its subsidiaries and the Julio Sim\u00f5es Institute:<br>Material Fact<br>Angelita Gon\u00e7alves<br>Service Director<br><a href=\"tel:+5511991961129\">(11) 99196-1129<\/a><br><a href=\"mailto:imprensa.simpar@agenciafr.com.br\">imprensa.simpar@agenciafr.com.br<\/a><\/p>\n\n\n\n<p>For information about JSL:<br>GBR Communication<br><a href=\"mailto:imprensa.jsl@gbr.com\">imprensa.jsl@gbr.com<\/a><\/p>\n\n\n\n<h2 class=\"wp-block-heading\">Photo gallery<\/h2>\n\n\n\n<p><a href=\"https:\/\/simpar.com.br\/wp-content\/themes\/simpar-2022\/img\/imprensa\/alta\/bbc1.jpg\"><\/a><\/p>\n\n\n\n<p>Caption<br>BBC Digital Bank app and card<\/p>\n\n\n\n<p>Credits<br>Julio Bittencourt <a href=\"https:\/\/simpar.com.br\/wp-content\/themes\/simpar-2022\/img\/imprensa\/alta\/bbc1.jpg\">Download photo (14 mb)<\/a><\/p>\n\n\n\n<p><a href=\"https:\/\/simpar.com.br\/wp-content\/themes\/simpar-2022\/img\/imprensa\/alta\/bbc2.jpg\"><\/a><\/p>\n\n\n\n<p>Caption<br>Man and his BBC Digital Bank app<\/p>\n\n\n\n<p>Credits<br>Owned by Simpar<a href=\"https:\/\/simpar.com.br\/wp-content\/themes\/simpar-2022\/img\/imprensa\/alta\/bbc2.jpg\">Download photo (9 mb)<\/a><\/p>\n\n\n\n<p><a href=\"https:\/\/simpar.com.br\/wp-content\/themes\/simpar-2022\/img\/imprensa\/alta\/bbc3.jpg\"><\/a><\/p>\n\n\n\n<p>Caption<br>Truck driver shows her BBC Digital Bank card<\/p>\n\n\n\n<p>Credits<br>Owned by Simpar<a href=\"https:\/\/simpar.com.br\/wp-content\/themes\/simpar-2022\/img\/imprensa\/alta\/bbc3.jpg\">Download photo (6 mb)<\/a><\/p>\n\n\n\n<p><a href=\"https:\/\/simpar.com.br\/wp-content\/themes\/simpar-2022\/img\/imprensa\/alta\/csbrasil1.jpg\"><\/a><\/p>\n\n\n\n<p>Caption<br>CS Brasil operation truck in Rio de Janeiro<\/p>\n\n\n\n<p>Credits<br>Owned by Simpar <a href=\"https:\/\/simpar.com.br\/wp-content\/themes\/simpar-2022\/img\/imprensa\/alta\/csbrasil1.jpg\">Download photo (4 mb)<\/a><\/p>\n\n\n\n<p><a href=\"https:\/\/simpar.com.br\/wp-content\/themes\/simpar-2022\/img\/imprensa\/alta\/csbrasil2.jpg\"><\/a><\/p>\n\n\n\n<p>Caption<br>Driver of the CS Brasil bus fleet<\/p>\n\n\n\n<p>Credits<br>Andr\u00e9a Matsumoto <a href=\"https:\/\/simpar.com.br\/wp-content\/themes\/simpar-2022\/img\/imprensa\/alta\/csbrasil2.jpg\">Download photo (12 mb)<\/a><\/p>\n\n\n\n<p><a href=\"https:\/\/simpar.com.br\/wp-content\/themes\/simpar-2022\/img\/imprensa\/alta\/csbrasil3.jpg\"><\/a><\/p>\n\n\n\n<p>Caption<br>Employees work in CS Brasil's bidding room<\/p>\n\n\n\n<p>Credits<br>Andr\u00e9a Matsumoto <a href=\"https:\/\/simpar.com.br\/wp-content\/themes\/simpar-2022\/img\/imprensa\/alta\/csbrasil3.jpg\">Download photo (8 mb)<\/a><\/p>\n\n\n\n<p><a href=\"https:\/\/simpar.com.br\/wp-content\/themes\/simpar-2022\/img\/imprensa\/alta\/csinfra1.jpg\"><\/a><\/p>\n\n\n\n<p>Caption<br>Biogas Production from Methane at Ciclus Ambiental<\/p>\n\n\n\n<p>Credits<br>Owned by Simpar<a href=\"https:\/\/simpar.com.br\/wp-content\/themes\/simpar-2022\/img\/imprensa\/alta\/csinfra1.jpg\">Download photo (26 mb)<\/a><\/p>\n\n\n\n<p><a href=\"https:\/\/simpar.com.br\/wp-content\/themes\/simpar-2022\/img\/imprensa\/alta\/csinfra2.jpg\"><\/a><\/p>\n\n\n\n<p>Caption<br>CS Infra employee monitors work at the Port of Aratu<\/p>\n\n\n\n<p>Credits<br>Owned by Simpar<a href=\"https:\/\/simpar.com.br\/wp-content\/themes\/simpar-2022\/img\/imprensa\/alta\/csinfra2.jpg\">Download photo (130 kb)<\/a><\/p>\n\n\n\n<p><a href=\"https:\/\/simpar.com.br\/wp-content\/themes\/simpar-2022\/img\/imprensa\/alta\/csinfra3.jpg\"><\/a><\/p>\n\n\n\n<p>Caption<br>Employees monitor movement in ATU 12 and ATU 18, a CS Infra concession in the Port of Aratu<\/p>\n\n\n\n<p>Credits<br>Owned by Simpar<a href=\"https:\/\/simpar.com.br\/wp-content\/themes\/simpar-2022\/img\/imprensa\/alta\/csinfra3.jpg\">Download photo (100 kb)<\/a><\/p>\n\n\n\n<p><a href=\"https:\/\/simpar.com.br\/wp-content\/themes\/simpar-2022\/img\/imprensa\/alta\/jsl1.jpg\"><\/a><\/p>\n\n\n\n<p>Caption<br>Employee in a JSL operation<\/p>\n\n\n\n<p>Credits<br>Owned by Simpar<a href=\"https:\/\/simpar.com.br\/wp-content\/themes\/simpar-2022\/img\/imprensa\/alta\/jsl1.jpg\">Download photo (12 mb)<\/a><\/p>\n\n\n\n<p><a href=\"https:\/\/simpar.com.br\/wp-content\/themes\/simpar-2022\/img\/imprensa\/alta\/jsl2.jpg\"><\/a><\/p>\n\n\n\n<p>Caption<br>JSL employee and truck in action<\/p>\n\n\n\n<p>Credits<br>Owned by Simpar<a href=\"https:\/\/simpar.com.br\/wp-content\/themes\/simpar-2022\/img\/imprensa\/alta\/jsl2.jpg\">Download photo (2 mb)<\/a><\/p>\n\n\n\n<p><a href=\"https:\/\/simpar.com.br\/wp-content\/themes\/simpar-2022\/img\/imprensa\/alta\/jsl3.jpg\"><\/a><\/p>\n\n\n\n<p>Caption<br>JSL employees in a mining operation<\/p>\n\n\n\n<p>Credits<br>Owned by Simpar <a href=\"https:\/\/simpar.com.br\/wp-content\/themes\/simpar-2022\/img\/imprensa\/alta\/jsl3.jpg\">Download photo (7 mb)<\/a><\/p>\n\n\n\n<p><a href=\"https:\/\/simpar.com.br\/wp-content\/themes\/simpar-2022\/img\/imprensa\/alta\/movida1.jpg\"><\/a><\/p>\n\n\n\n<p>Caption<br>Handing over car keys to a Movida customer<\/p>\n\n\n\n<p>Credits<br>Victor Otsuka <a href=\"https:\/\/simpar.com.br\/wp-content\/themes\/simpar-2022\/img\/imprensa\/alta\/movida1.jpg\">Download photo (2 mb)<\/a><\/p>\n\n\n\n<p><a href=\"https:\/\/simpar.com.br\/wp-content\/themes\/simpar-2022\/img\/imprensa\/alta\/movida2.jpg\"><\/a><\/p>\n\n\n\n<p>Caption<br>Customer service in a Movida store<\/p>\n\n\n\n<p>Credits<br>Victor Otsuka <a href=\"https:\/\/simpar.com.br\/wp-content\/themes\/simpar-2022\/img\/imprensa\/alta\/movida2.jpg\">Download photo (3 mb)<\/a><\/p>\n\n\n\n<p><a href=\"https:\/\/simpar.com.br\/wp-content\/themes\/simpar-2022\/img\/imprensa\/alta\/movida3.jpg\"><\/a><\/p>\n\n\n\n<p>Caption<br>Customers and employees at a Movida unit<\/p>\n\n\n\n<p>Credits<br>Victor Otsuka <a href=\"https:\/\/simpar.com.br\/wp-content\/themes\/simpar-2022\/img\/imprensa\/alta\/movida3.jpg\">Download photo (3 mb)<\/a><\/p>\n\n\n\n<p><a href=\"https:\/\/simpar.com.br\/wp-content\/themes\/simpar-2022\/img\/imprensa\/alta\/vamos1.jpg\"><\/a><\/p>\n\n\n\n<p>Caption<br>Valtra tractor, which can be rented or purchased from Vamos, in operation<\/p>\n\n\n\n<p>Credits<br>Renan Costantin<a href=\"https:\/\/simpar.com.br\/wp-content\/themes\/simpar-2022\/img\/imprensa\/alta\/vamos1.jpg\">Download photo (6 mb)<\/a><\/p>\n\n\n\n<p><a href=\"https:\/\/simpar.com.br\/wp-content\/themes\/simpar-2022\/img\/imprensa\/alta\/vamos2.jpg\"><\/a><\/p>\n\n\n\n<p>Caption<br>Vamos agricultural machine at work on soybean plantation<\/p>\n\n\n\n<p>Credits<br>Owned by Simpar <a href=\"https:\/\/simpar.com.br\/wp-content\/themes\/simpar-2022\/img\/imprensa\/alta\/vamos2.jpg\">Download photo (3 mb)<\/a><\/p>\n\n\n\n<p><a href=\"https:\/\/simpar.com.br\/wp-content\/themes\/simpar-2022\/img\/imprensa\/alta\/vamos3.jpg\"><\/a><\/p>\n\n\n\n<p>Caption<br>Employees in the Vamos control area<\/p>\n\n\n\n<p>Credits<br>Owned by Simpar <a href=\"https:\/\/simpar.com.br\/wp-content\/themes\/simpar-2022\/img\/imprensa\/alta\/vamos3.jpg\">Download photo (3 mb)<\/a><\/p>\n\n\n\n<p>If you need access to our image bank, send an e-mail to <a href=\"mailto:imprensa.simpar@agenciafr.com.br\">imprensa.simpar@agenciafr.com.br<\/a><\/p>","protected":false},"excerpt":{"rendered":"<p>Contatos de Imprensa Para informa\u00e7\u00f5es sobre a SIMPAR, as empresas controladas e o Instituto Julio Sim\u00f5es:Fato RelevanteAngelita Gon\u00e7alvesDiretora de Atendimento(11) [&hellip;]<\/p>\n","protected":false},"author":2,"featured_media":0,"parent":0,"menu_order":0,"comment_status":"closed","ping_status":"closed","template":"template-imprensa.php","meta":{"_acf_changed":false,"footnotes":""},"class_list":["post-1905","page","type-page","status-publish","hentry"],"acf":[],"jetpack_sharing_enabled":true,"jetpack-related-posts":[{"id":307,"url":"https:\/\/simpar.com.br\/en\/fale-conosco\/","url_meta":{"origin":1905,"position":0},"title":"Contact us","author":"S","date":"19 de July de 2020","format":false,"excerpt":"ale Conosco Do you need any information? Contact us! Just choose from the options on our contact page what you want to talk about and complete the fields so that we can get back to you as soon as possible. Subject Name E-mail Message We will use the personal data you provide to...","rel":"","context":"Similar post","block_context":{"text":"Similar post","link":""},"img":{"alt_text":"","src":"","width":0,"height":0},"classes":[]},{"id":19,"url":"https:\/\/simpar.com.br\/en\/home\/","url_meta":{"origin":1905,"position":1},"title":"Home","author":"S","date":"15 de July de 2020","format":false,"excerpt":"SIMPAR Holding controls 7 independent companies, with a Unique Management Model and Governance to generate Value in a sustainable way. We are more than 40,000 people.Learn more About our Companies SIMPAR operates throughout Brazil, as well as in countries in South America and South Africa. As a holding company, it...","rel":"","context":"Similar post","block_context":{"text":"Similar post","link":""},"img":{"alt_text":"","src":"","width":0,"height":0},"classes":[]},{"id":1238,"url":"https:\/\/simpar.com.br\/en\/quem-somos\/","url_meta":{"origin":1905,"position":2},"title":"About Us","author":"S","date":"16 de September de 2020","format":false,"excerpt":"Who we are We are a Group with more than 40,000 employees under the same Culture, Values and a unique Management Model, which produces sustainable results in line with the best ESG practices. A holding company that manages 7 businesses with independent and complementary operations in the logistics, mobility, sanitation,...","rel":"","context":"Similar post","block_context":{"text":"Similar post","link":""},"img":{"alt_text":"","src":"","width":0,"height":0},"classes":[]},{"id":312,"url":"https:\/\/simpar.com.br\/en\/conformidade\/","url_meta":{"origin":1905,"position":3},"title":"Compliance","author":"S","date":"20 de July de 2020","format":false,"excerpt":"Compliance With a modern decision-making and strategic planning structure, aligned with the best market practices, SIMPAR considers corporate governance to be a driver of professionalism, innovation and achievement of the Mission, Vision and Organizational Values. Since 2010, we have been part of B3's Novo Mercado, which...","rel":"","context":"Similar post","block_context":{"text":"Similar post","link":""},"img":{"alt_text":"","src":"","width":0,"height":0},"classes":[]},{"id":268,"url":"https:\/\/simpar.com.br\/en\/sustentabilidade\/","url_meta":{"origin":1905,"position":4},"title":"Sustainability","author":"S","date":"17 de July de 2020","format":false,"excerpt":"Sustainable growth, with decisions that take into account the Economic, Environmental, Social and Governance dimensions in the Group and its subsidiaries. Strategies We have policies and actions aimed at efficient use of all natural resources. We have set targets for electricity and fuel consumption, as well as compensation programs, such as the...","rel":"","context":"Similar post","block_context":{"text":"Similar post","link":""},"img":{"alt_text":"","src":"","width":0,"height":0},"classes":[]},{"id":263,"url":"https:\/\/simpar.com.br\/en\/nossos-projetos\/","url_meta":{"origin":1905,"position":5},"title":"Our Projects","author":"S","date":"17 de July de 2020","format":false,"excerpt":"Our projects SIMPAR and its subsidiaries participate in a variety of social projects, as well as presenting their own initiatives that have an impact on the communities in which they operate. Through a socio-economic mapping of municipalities, it bases its actions on a diagnosis of the socio-environmental issues of each location, prioritizing the formation of networks of...","rel":"","context":"Similar post","block_context":{"text":"Similar post","link":""},"img":{"alt_text":"","src":"","width":0,"height":0},"classes":[]}],"_links":{"self":[{"href":"https:\/\/simpar.com.br\/en\/wp-json\/wp\/v2\/pages\/1905","targetHints":{"allow":["GET"]}}],"collection":[{"href":"https:\/\/simpar.com.br\/en\/wp-json\/wp\/v2\/pages"}],"about":[{"href":"https:\/\/simpar.com.br\/en\/wp-json\/wp\/v2\/types\/page"}],"author":[{"embeddable":true,"href":"https:\/\/simpar.com.br\/en\/wp-json\/wp\/v2\/users\/2"}],"replies":[{"embeddable":true,"href":"https:\/\/simpar.com.br\/en\/wp-json\/wp\/v2\/comments?post=1905"}],"version-history":[{"count":0,"href":"https:\/\/simpar.com.br\/en\/wp-json\/wp\/v2\/pages\/1905\/revisions"}],"wp:attachment":[{"href":"https:\/\/simpar.com.br\/en\/wp-json\/wp\/v2\/media?parent=1905"}],"curies":[{"name":"wp","href":"https:\/\/api.w.org\/{rel}","templated":true}]}}