
{"id":216,"date":"2020-07-17T10:52:55","date_gmt":"2020-07-17T13:52:55","guid":{"rendered":"http:\/\/localhost:8080\/?page_id=216"},"modified":"2020-07-17T10:52:55","modified_gmt":"2020-07-17T13:52:55","slug":"empresas","status":"publish","type":"page","link":"https:\/\/simpar.com.br\/en\/empresas\/","title":{"rendered":"Companies"},"content":{"rendered":"<div class=\"cc-window cc-banner cc-type-opt-in cc-theme-block cc-bottom cc-color-override--1005444251\" role=\"dialog\" aria-live=\"polite\" aria-label=\"cookieconsent\" aria-describedby=\"cookieconsent:desc\">\n<div class=\"cc-compliance cc-highlight cc-regular\">&nbsp;<\/div>\n<\/div>\n<section id=\"page-header\"><img data-recalc-dims=\"1\" decoding=\"async\" src=\"https:\/\/i0.wp.com\/simpar.com.br\/wp-content\/themes\/simpar-2022\/img\/empresas.jpg?w=640&#038;ssl=1\" alt=\"Funcion\u00e1rios das empresas do Grupo Simpar junto aos logos do Grupo e das empresas controladas\" title=\"\"><p><\/p>\n<div class=\"container\">\n<h1>Companies<\/h1>\n<\/div>\n<\/section>\n<section class=\"page-content\">\n<div class=\"container\">\n<div class=\"row\">\n<div class=\"col-md-10 offset-md-1\">\n<p class=\"translation-block\">The  <strong>SIMPAR<\/strong> brand, listed as B3  (<strong>SIMH3<\/strong>), first appeared in September 2020 as a result of the corporate restructuring of JSL Group. Thus the holding now generates value to shareholders through a simpler structure, with a Unique Management Model, qualified people, and values that support the Group\u2019s Culture.  <a href=\"#empresas\" target=\"_self\">Learn more about each business<\/a><\/p>\n<div id=\"empresas\">&nbsp;<\/div>\n<\/div>\n<\/div>\n<\/div>\n<div id=\"empresas-accordion\" class=\"container\">\n<div id=\"accordionHere\" class=\"accordion\">&nbsp;<\/div>\n<\/div>\n<div id=\"empresas-tabs-container\" class=\"tabs-container\">\n<ul id=\"empresas-tabs\" class=\"nav nav-tabs\" role=\"tablist\">\n<li class=\"nav-item\" role=\"presentation\">&nbsp;<\/li>\n<\/ul>\n<\/div>\n<\/section>\n<section class=\"page-content\">\n<div id=\"empresas-tabs-container\" class=\"tabs-container\">\n<div id=\"sustentabilidadecontent\" class=\"tab-content\">\n<div id=\"content1\" class=\"tab-pane fade show active\" role=\"tabpanel\" aria-labelledby=\"tab1\">\n<div class=\"row\">\n<div class=\"col-lg-6\">\n<p>JSL was the foundation of the SIMPAR Group's growth, as it brought know-how, culture and financial resources to the other businesses. It is a leader in road logistics in Brazil with a diversified range of services and clients from various segments, which has generated resilience over time. With the most complete and integrated portfolio of services in the sector, JSLG3 is undergoing a strategic move towards consolidation and growth.<\/p>\n<p><a class=\"sbtn\" href=\"https:\/\/jsl.com.br\/\" target=\"_blank\" rel=\"noopener\">Learn More<\/a><\/p>\n<div class=\"empresas-afiliadas\"><em>Affiliated companies:<\/em> <img data-recalc-dims=\"1\" decoding=\"async\" src=\"https:\/\/i0.wp.com\/simpar.com.br\/wp-content\/themes\/simpar-2022\/img\/jsl1.png?w=640&#038;ssl=1\" alt=\"\" title=\"\"> <img data-recalc-dims=\"1\" decoding=\"async\" src=\"https:\/\/i0.wp.com\/simpar.com.br\/wp-content\/themes\/simpar-2022\/img\/jsl2.png?w=640&#038;ssl=1\" alt=\"\" title=\"\"> <img data-recalc-dims=\"1\" decoding=\"async\" src=\"https:\/\/i0.wp.com\/simpar.com.br\/wp-content\/themes\/simpar-2022\/img\/jsl3.png?w=640&#038;ssl=1\" alt=\"\" title=\"\"> <img data-recalc-dims=\"1\" decoding=\"async\" src=\"https:\/\/i0.wp.com\/simpar.com.br\/wp-content\/themes\/simpar-2022\/img\/jsl4.png?w=640&#038;ssl=1\" alt=\"\" title=\"\"> <img data-recalc-dims=\"1\" decoding=\"async\" src=\"https:\/\/i0.wp.com\/simpar.com.br\/wp-content\/themes\/simpar-2022\/img\/jsl5.png?w=640&#038;ssl=1\" alt=\"\" title=\"\"> <img data-recalc-dims=\"1\" decoding=\"async\" src=\"https:\/\/i0.wp.com\/simpar.com.br\/wp-content\/themes\/simpar-2022\/img\/jsl6.png?w=640&#038;ssl=1\" alt=\"\" title=\"\"><\/div>\n<\/div>\n<div class=\"col-lg-6\"><img data-recalc-dims=\"1\" decoding=\"async\" src=\"https:\/\/i0.wp.com\/simpar.com.br\/wp-content\/themes\/simpar-2022\/img\/empresas-jsl.jpg?w=640&#038;ssl=1\" alt=\"Funcion\u00e1rio da JSL trabalhando\" title=\"\"><\/div>\n<\/div>\n<\/div>\n<\/div>\n<\/div>\n<\/section>\n<footer>\n<div class=\"container\">\n<div class=\"row\">&nbsp;<\/div>\n<div class=\"row\">\n<div class=\"col-lg\">&nbsp;<\/div>\n<\/div>\n<\/div>\n<\/footer>\n<div class=\"cdp-copy-alert-success\"><img data-recalc-dims=\"1\" decoding=\"async\" src=\"https:\/\/i0.wp.com\/simpar.com.br\/wp-content\/plugins\/copy-delete-posts\/assets\/imgs\/xcopy.png.pagespeed.ic.Tj73B9NxJK.png?w=640&#038;ssl=1\" alt=\"Imagem copiada\" title=\"\"><\/div>\n\n\n<p>Movida is one of the largest companies in the car rental and fleet management sector in Brazil. It stands out for its customer service, service diversification, and innovation, such as monthly rentals for individuals, cars with 4G mobile Wi-Fi, and its Carbon Free Program, among others, and for its significant growth in fleet size in recent years.<\/p>\n\n\n\n<p>Listed on the B3 Novo Mercado (MOVI3), the highest level of corporate governance, it is also part of the Corporate Sustainability Index (ISE) and is the first publicly traded car rental company in the world to obtain the B Company certification, which reinforces its commitment to sustainability. <a href=\"https:\/\/www.movida.com.br\/\" target=\"_blank\" rel=\"noreferrer noopener\">Learn More<\/a><\/p>\n\n\n\n<p><em>Affiliated companies:<\/em><img data-recalc-dims=\"1\" decoding=\"async\" src=\"https:\/\/i0.wp.com\/simpar.com.br\/wp-content\/themes\/simpar-2022\/img\/movida1.png?w=640&#038;ssl=1\" alt=\"\" title=\"\"><img data-recalc-dims=\"1\" decoding=\"async\" src=\"https:\/\/i0.wp.com\/simpar.com.br\/wp-content\/themes\/simpar-2022\/img\/movida2.png?w=640&#038;ssl=1\" alt=\"\" title=\"\"><img data-recalc-dims=\"1\" decoding=\"async\" src=\"https:\/\/i0.wp.com\/simpar.com.br\/wp-content\/themes\/simpar-2022\/img\/movida3.png?w=640&#038;ssl=1\" alt=\"\" title=\"\"><\/p>\n\n\n\n<p>The extension of the portfolio and the excellence of its solutions are two of the main characteristics of VAMO3, a leader in the rental of trucks, machinery, and equipment of various brands and with customized services for each customer.<\/p>\n\n\n\n<p>The company has the largest Volkswagen\/Man truck and bus dealership network in Brazil, the Valtra dealership network, focused on farming machinery and equipment, the Vamos Seminovos store network, for the purchase and sale of trucks, and it is also a Komatsu distributor, adding heavy machinery to its portfolio.<a href=\"https:\/\/grupovamos.com.br\/\" target=\"_blank\" rel=\"noreferrer noopener\">Learn More<\/a><\/p>\n\n\n\n<p><em>Affiliated companies:<\/em><img data-recalc-dims=\"1\" decoding=\"async\" src=\"https:\/\/i0.wp.com\/simpar.com.br\/wp-content\/themes\/simpar-2022\/img\/vamos1.png?w=640&#038;ssl=1\" alt=\"\" title=\"\"><img data-recalc-dims=\"1\" decoding=\"async\" src=\"https:\/\/i0.wp.com\/simpar.com.br\/wp-content\/themes\/simpar-2022\/img\/vamos2.png?w=640&#038;ssl=1\" alt=\"\" title=\"\"><img data-recalc-dims=\"1\" decoding=\"async\" src=\"https:\/\/i0.wp.com\/simpar.com.br\/wp-content\/themes\/simpar-2022\/img\/vamos3.png?w=640&#038;ssl=1\" alt=\"\" title=\"\"><\/p>\n\n\n\n<p>CS Brasil consolidates all public services provided by Simpar. The company has a business model with major growth potential since its focuses on bringing modernization and efficiency to the public sector. The company also shows high resilience, since it is based on long-term contracts that can generate improvements in public management.<\/p>\n\n\n\n<p>Over the past few years, the company intensified its focus on Fleet Management (GTF) services. It is pioneer in the creation of a monitored bidding room with safe and controlled access, a process validated and monitored by external auditors, and in the development of the Transparency Portal, which brings updated information about all its current contracts. <a href=\"https:\/\/csbrasilservicos.com.br\/\" target=\"_blank\" rel=\"noreferrer noopener\">Learn More<\/a><\/p>\n\n\n\n<p>Automob, one of the main companies in the car and motorcycle retail business in the country, has the largest portfolio of brands in the segment. Focused on offering integrated solutions for those who seek mobility, the company has a strategic presence in 19 cities in the southern, southeastern, and northeastern regions of the country, and offers from vehicle sales to after-sales services with insurance offers from its own broker, Madre Seguros.<\/p>\n\n\n\n<p><em>Affiliated companies:<\/em><img data-recalc-dims=\"1\" decoding=\"async\" src=\"https:\/\/i0.wp.com\/simpar.com.br\/wp-content\/themes\/simpar-2022\/img\/automob1.png?w=640&#038;ssl=1\" alt=\"\" title=\"\"><img data-recalc-dims=\"1\" decoding=\"async\" src=\"https:\/\/i0.wp.com\/simpar.com.br\/wp-content\/themes\/simpar-2022\/img\/automob2.png?w=640&#038;ssl=1\" alt=\"\" title=\"\"><img data-recalc-dims=\"1\" decoding=\"async\" src=\"https:\/\/i0.wp.com\/simpar.com.br\/wp-content\/themes\/simpar-2022\/img\/automob3.png?w=640&#038;ssl=1\" alt=\"\" title=\"\"><img data-recalc-dims=\"1\" decoding=\"async\" src=\"https:\/\/i0.wp.com\/simpar.com.br\/wp-content\/themes\/simpar-2022\/img\/automob4.png?w=640&#038;ssl=1\" alt=\"\" title=\"\"><\/p>\n\n\n\n<p>Upon authorization of Brazil\u2019s Central Bank in December 2021, BBC Digital became a multiple bank and started offering financial solutions and services, focusing on professional drivers, financing the acquisition of new and used vehicles, as well as offering digital accounts, prepaid cards, and other banking products. Currently, the institution has 25,000 digital accounts within an estimated market of more than 2 million professional drivers in the country.<a href=\"https:\/\/bancobbcdigital.com.br\" target=\"_blank\" rel=\"noreferrer noopener\">Learn More<\/a><\/p>\n\n\n\n<p>CS Infra is a company that manages long-term concessions, and is present in the mobility, sanitation, and infrastructure sectors. The company includes Ciclus Ambiental, one of the largest companies in Latin America in integrated management and recovery of solid waste; CS Rodovias, with the Gr\u00e3os do Piau\u00ed Highway, which will bring structural improvements in the region and social and economic impacts in the coming years; CS Portos in Bahia, operating ATU12 and ATU18 terminals (Port of Aratu) with modern services and operations and impacts on the generation of jobs and development of ESG projects; and CS Mobilidade with the BRT, in the city of Sorocaba (SP).<\/p>\n\n\n\n<h1 class=\"wp-block-heading\">Companies<\/h1>\n\n\n\n<p>The <strong>SIMPAR<\/strong> brand, listed as B3 (<strong>SIMH3<\/strong>), first appeared in September 2020 as a result of the corporate restructuring of JSL Group. Thus the holding now generates value to shareholders through a simpler structure, with a Unique Management Model, qualified people, and values that support the Group's Culture. <a href=\"https:\/\/simpar.com.br\/en\/empresas\/#empresas\">Learn more about each business<\/a><\/p>\n\n\n\n<ul class=\"wp-block-list\" id=\"empresas-tabs\"><li><\/li><\/ul>\n\n\n\n<p>JSL was the foundation for the growth of SIMPAR Group, as it brought know-how, culture, and financial resources to the other companies. The company is leader in road logistics in Brazil, with diversified services and customers from different segments, which creates resilience throughout time. With the most complete and integrated service portfolio in the sector, JSLG3 is going through a strategic movement of consolidation and growth.<a href=\"https:\/\/jsl.com.br\/\" target=\"_blank\" rel=\"noreferrer noopener\">Learn More<\/a><\/p>\n\n\n\n<p><em>Affiliated companies:<\/em><img data-recalc-dims=\"1\" decoding=\"async\" src=\"https:\/\/i0.wp.com\/simpar.com.br\/wp-content\/themes\/simpar-2022\/img\/jsl1.png?w=640&#038;ssl=1\" alt=\"\" title=\"\"><img data-recalc-dims=\"1\" decoding=\"async\" src=\"https:\/\/i0.wp.com\/simpar.com.br\/wp-content\/themes\/simpar-2022\/img\/jsl2.png?w=640&#038;ssl=1\" alt=\"\" title=\"\"><img data-recalc-dims=\"1\" decoding=\"async\" src=\"https:\/\/i0.wp.com\/simpar.com.br\/wp-content\/themes\/simpar-2022\/img\/jsl3.png?w=640&#038;ssl=1\" alt=\"\" title=\"\"><img data-recalc-dims=\"1\" decoding=\"async\" src=\"https:\/\/i0.wp.com\/simpar.com.br\/wp-content\/themes\/simpar-2022\/img\/jsl4.png?w=640&#038;ssl=1\" alt=\"\" title=\"\"><img data-recalc-dims=\"1\" decoding=\"async\" src=\"https:\/\/i0.wp.com\/simpar.com.br\/wp-content\/themes\/simpar-2022\/img\/jsl5.png?w=640&#038;ssl=1\" alt=\"\" title=\"\"><img data-recalc-dims=\"1\" decoding=\"async\" src=\"https:\/\/i0.wp.com\/simpar.com.br\/wp-content\/themes\/simpar-2022\/img\/jsl6.png?w=640&#038;ssl=1\" alt=\"\" title=\"\"><\/p>\n\n\n\n<figure class=\"wp-block-image\"><img data-recalc-dims=\"1\" decoding=\"async\" src=\"https:\/\/i0.wp.com\/simpar.com.br\/wp-content\/themes\/simpar-2022\/img\/empresas-jsl.jpg?w=640&#038;ssl=1\" alt=\"Funcion\u00e1rio da JSL trabalhando\" title=\"\"><\/figure>\n\n\n\n<p>Movida is one of the largest companies in the car rental and fleet management sector in Brazil. It stands out for its customer service, service diversification, and innovation, such as monthly rentals for individuals, cars with 4G mobile Wi-Fi, and its Carbon Free Program, among others, and for its significant growth in fleet size in recent years.<\/p>\n\n\n\n<p>Listed on the B3 Novo Mercado (MOVI3), the highest level of corporate governance, it is also part of the Corporate Sustainability Index (ISE) and is the first publicly traded car rental company in the world to obtain the B Company certification, which reinforces its commitment to sustainability. <a href=\"https:\/\/www.movida.com.br\/\" target=\"_blank\" rel=\"noreferrer noopener\">Learn More<\/a><\/p>\n\n\n\n<p><em>Affiliated companies:<\/em><img data-recalc-dims=\"1\" decoding=\"async\" src=\"https:\/\/i0.wp.com\/simpar.com.br\/wp-content\/themes\/simpar-2022\/img\/movida1.png?w=640&#038;ssl=1\" alt=\"\" title=\"\"><img data-recalc-dims=\"1\" decoding=\"async\" src=\"https:\/\/i0.wp.com\/simpar.com.br\/wp-content\/themes\/simpar-2022\/img\/movida2.png?w=640&#038;ssl=1\" alt=\"\" title=\"\"><img data-recalc-dims=\"1\" decoding=\"async\" src=\"https:\/\/i0.wp.com\/simpar.com.br\/wp-content\/themes\/simpar-2022\/img\/movida3.png?w=640&#038;ssl=1\" alt=\"\" title=\"\"><\/p>\n\n\n\n<figure class=\"wp-block-image\"><img data-recalc-dims=\"1\" decoding=\"async\" src=\"https:\/\/i0.wp.com\/simpar.com.br\/wp-content\/themes\/simpar-2022\/img\/empresas-movida.jpg?w=640&#038;ssl=1\" alt=\"Funcion\u00e1rio da Movida trabalhando atendendo um cliente\" title=\"\"><\/figure>\n\n\n\n<p>The extension of the portfolio and the excellence of its solutions are two of the main characteristics of VAMO3, a leader in the rental of trucks, machinery, and equipment of various brands and with customized services for each customer.<\/p>\n\n\n\n<p>The company has the largest Volkswagen\/Man truck and bus dealership network in Brazil, the Valtra dealership network, focused on farming machinery and equipment, the Vamos Seminovos store network, for the purchase and sale of trucks, and it is also a Komatsu distributor, adding heavy machinery to its portfolio.<a href=\"https:\/\/grupovamos.com.br\/\" target=\"_blank\" rel=\"noreferrer noopener\">Learn More<\/a><\/p>\n\n\n\n<p><em>Affiliated companies:<\/em><img data-recalc-dims=\"1\" decoding=\"async\" src=\"https:\/\/i0.wp.com\/simpar.com.br\/wp-content\/themes\/simpar-2022\/img\/vamos1.png?w=640&#038;ssl=1\" alt=\"\" title=\"\"><img data-recalc-dims=\"1\" decoding=\"async\" src=\"https:\/\/i0.wp.com\/simpar.com.br\/wp-content\/themes\/simpar-2022\/img\/vamos2.png?w=640&#038;ssl=1\" alt=\"\" title=\"\"><img data-recalc-dims=\"1\" decoding=\"async\" src=\"https:\/\/i0.wp.com\/simpar.com.br\/wp-content\/themes\/simpar-2022\/img\/vamos3.png?w=640&#038;ssl=1\" alt=\"\" title=\"\"><\/p>\n\n\n\n<figure class=\"wp-block-image\"><img data-recalc-dims=\"1\" decoding=\"async\" src=\"https:\/\/i0.wp.com\/simpar.com.br\/wp-content\/themes\/simpar-2022\/img\/empresas-vamos.jpg?w=640&#038;ssl=1\" alt=\"Funcion\u00e1rio da Vamos em ambiente de trabalho\" title=\"\"><\/figure>\n\n\n\n<p>CS Brasil consolidates all public services provided by Simpar. The company has a business model with major growth potential since its focuses on bringing modernization and efficiency to the public sector. The company also shows high resilience, since it is based on long-term contracts that can generate improvements in public management.<\/p>\n\n\n\n<p>Over the past few years, the company has intensified its focus on Fleet Management (GTF) services. It is a pioneer in the creation of a monitored bidding room with safe and controlled access, a process validated and monitored by external auditors, and in the development of the Transparency Portal, which brings updated information about all its current contracts. <a href=\"https:\/\/csbrasilservicos.com.br\/\" target=\"_blank\" rel=\"noreferrer noopener\">Learn More<\/a><\/p>\n\n\n\n<figure class=\"wp-block-image\"><img data-recalc-dims=\"1\" decoding=\"async\" src=\"https:\/\/i0.wp.com\/simpar.com.br\/wp-content\/themes\/simpar-2022\/img\/empresas-csbrasil.jpg?w=640&#038;ssl=1\" alt=\"Funcion\u00e1rios da CS Brasil trabalhando com ve\u00edculos estacionados\" title=\"\"><\/figure>\n\n\n\n<p>Automob, one of the main companies in the car and motorcycle retail business in the country, has the largest portfolio of brands in the segment. Focused on offering integrated solutions for those who seek mobility, the company has a strategic presence in 19 cities in the southern, southeastern, and northeastern regions of the country, and offers from vehicle sales to after-sales services with insurance offers from its own broker, Madre Seguros.<\/p>\n\n\n\n<p><em>Affiliated companies:<\/em><img data-recalc-dims=\"1\" decoding=\"async\" src=\"https:\/\/i0.wp.com\/simpar.com.br\/wp-content\/themes\/simpar-2022\/img\/automob1.png?w=640&#038;ssl=1\" alt=\"\" title=\"\"><img data-recalc-dims=\"1\" decoding=\"async\" src=\"https:\/\/i0.wp.com\/simpar.com.br\/wp-content\/themes\/simpar-2022\/img\/automob2.png?w=640&#038;ssl=1\" alt=\"\" title=\"\"><img data-recalc-dims=\"1\" decoding=\"async\" src=\"https:\/\/i0.wp.com\/simpar.com.br\/wp-content\/themes\/simpar-2022\/img\/automob3.png?w=640&#038;ssl=1\" alt=\"\" title=\"\"><img data-recalc-dims=\"1\" decoding=\"async\" src=\"https:\/\/i0.wp.com\/simpar.com.br\/wp-content\/themes\/simpar-2022\/img\/automob4.png?w=640&#038;ssl=1\" alt=\"\" title=\"\"><\/p>\n\n\n\n<figure class=\"wp-block-image\"><img data-recalc-dims=\"1\" decoding=\"async\" src=\"https:\/\/i0.wp.com\/simpar.com.br\/wp-content\/themes\/simpar-2022\/img\/empresas-automob.jpg?w=640&#038;ssl=1\" alt=\"Tr\u00eas pessoas conversando em loja da Automob\" title=\"\"><\/figure>\n\n\n\n<p>Upon authorization of Brazil's Central Bank in December 2021, BBC Digital became a multiple bank and started offering financial solutions and services, focusing on professional drivers, financing the acquisition of new and used vehicles, as well as offering digital accounts, prepaid cards, and other banking products. Currently, the institution has 25,000 digital accounts within an estimated market of more than 2 million professional drivers in the country.<a href=\"https:\/\/bancobbcdigital.com.br\" target=\"_blank\" rel=\"noreferrer noopener\">Learn More<\/a><\/p>\n\n\n\n<figure class=\"wp-block-image\"><img data-recalc-dims=\"1\" decoding=\"async\" src=\"https:\/\/i0.wp.com\/simpar.com.br\/wp-content\/themes\/simpar-2022\/img\/empresas-bbc.jpg?w=640&#038;ssl=1\" alt=\"Funcion\u00e1rios da BBC DIgital trabalhando\" title=\"\"><\/figure>\n\n\n\n<p>CS Infra is a company that manages long-term concessions, and is present in the mobility, sanitation, and infrastructure sectors. The company includes Ciclus Ambiental, one of the largest companies in Latin America in integrated management and recovery of solid waste; CS Rodovias, with the Gr\u00e3os do Piau\u00ed Highway, which will bring structural improvements in the region and social and economic impacts in the coming years; CS Portos in Bahia, operating ATU12 and ATU18 terminals (Port of Aratu) with modern services and operations and impacts on the generation of jobs and development of ESG projects; and CS Mobilidade with the BRT, in the city of Sorocaba (SP).<\/p>\n\n\n\n<figure class=\"wp-block-image\"><img data-recalc-dims=\"1\" decoding=\"async\" src=\"https:\/\/i0.wp.com\/simpar.com.br\/wp-content\/themes\/simpar-2022\/img\/empresas-csinfra.jpg?w=640&#038;ssl=1\" alt=\"Funcion\u00e1rios da CS Infra trabalhando com paisagem ao fundo\" title=\"\"><\/figure>","protected":false},"excerpt":{"rendered":"<p>&nbsp; Empresas A marca SIMPAR, listada na B3 (SIMH3), surgiu em setembro de 2020 a partir da reorganiza\u00e7\u00e3o societ\u00e1ria do [&hellip;]<\/p>\n","protected":false},"author":2,"featured_media":0,"parent":0,"menu_order":0,"comment_status":"closed","ping_status":"closed","template":"template-empresas.php","meta":{"_acf_changed":false,"footnotes":""},"class_list":["post-216","page","type-page","status-publish","hentry"],"acf":[],"jetpack_sharing_enabled":true,"jetpack-related-posts":[{"id":1238,"url":"https:\/\/simpar.com.br\/en\/quem-somos\/","url_meta":{"origin":216,"position":0},"title":"About Us","author":"S","date":"16 de September de 2020","format":false,"excerpt":"Who we are We are a Group with more than 40,000 employees under the same Culture, Values and a unique Management Model, which produces sustainable results in line with the best ESG practices. A holding company that manages 7 businesses with independent and complementary operations in the logistics, mobility, sanitation,...","rel":"","context":"Similar post","block_context":{"text":"Similar post","link":""},"img":{"alt_text":"","src":"","width":0,"height":0},"classes":[]},{"id":2183,"url":"https:\/\/simpar.com.br\/en\/seja-um-fornecedor\/","url_meta":{"origin":216,"position":1},"title":"Become a supplier","author":"S","date":"6 de August de 2024","format":false,"excerpt":"Through pre-registration we have the opportunity to get to know your company. We prioritize sustainable procurement and value quality, as well as the efficiency of our partners, and we believe that your company can make a significant contribution to the success of our operations. Click and register 1. In this step, you register your...","rel":"","context":"Similar post","block_context":{"text":"Similar post","link":""},"img":{"alt_text":"","src":"","width":0,"height":0},"classes":[]},{"id":1855,"url":"https:\/\/simpar.com.br\/en\/trabalhe-conosco\/","url_meta":{"origin":216,"position":2},"title":"Work With Us","author":"S","date":"4 de August de 2022","format":false,"excerpt":"Selection process SIMPAR is the holding company that controls seven independent companies: JSL, Movida, Vamos, CS Brasil, Automob, Banco BBC Digital and CS Infra. Our People are made up of a diversity of generations, with complementary knowledge and experience and a lot of energy to achieve. Come and be part of #NossaGente! See...","rel":"","context":"Similar post","block_context":{"text":"Similar post","link":""},"img":{"alt_text":"","src":"","width":0,"height":0},"classes":[]},{"id":268,"url":"https:\/\/simpar.com.br\/en\/sustentabilidade\/","url_meta":{"origin":216,"position":3},"title":"Sustainability","author":"S","date":"17 de July de 2020","format":false,"excerpt":"Sustainable growth, with decisions that take into account the Economic, Environmental, Social and Governance dimensions in the Group and its subsidiaries. Strategies We have policies and actions aimed at efficient use of all natural resources. We have set targets for electricity and fuel consumption, as well as compensation programs, such as the...","rel":"","context":"Similar post","block_context":{"text":"Similar post","link":""},"img":{"alt_text":"","src":"","width":0,"height":0},"classes":[]},{"id":19,"url":"https:\/\/simpar.com.br\/en\/home\/","url_meta":{"origin":216,"position":4},"title":"Home","author":"S","date":"15 de July de 2020","format":false,"excerpt":"SIMPAR Holding controls 7 independent companies, with a Unique Management Model and Governance to generate Value in a sustainable way. We are more than 40,000 people.Learn more About our Companies SIMPAR operates throughout Brazil, as well as in countries in South America and South Africa. As a holding company, it...","rel":"","context":"Similar post","block_context":{"text":"Similar post","link":""},"img":{"alt_text":"","src":"","width":0,"height":0},"classes":[]},{"id":312,"url":"https:\/\/simpar.com.br\/en\/conformidade\/","url_meta":{"origin":216,"position":5},"title":"Compliance","author":"S","date":"20 de July de 2020","format":false,"excerpt":"Compliance With a modern decision-making and strategic planning structure, aligned with the best market practices, SIMPAR considers corporate governance to be a driver of professionalism, innovation and achievement of the Mission, Vision and Organizational Values. Since 2010, we have been part of B3's Novo Mercado, which...","rel":"","context":"Similar post","block_context":{"text":"Similar post","link":""},"img":{"alt_text":"","src":"","width":0,"height":0},"classes":[]}],"_links":{"self":[{"href":"https:\/\/simpar.com.br\/en\/wp-json\/wp\/v2\/pages\/216","targetHints":{"allow":["GET"]}}],"collection":[{"href":"https:\/\/simpar.com.br\/en\/wp-json\/wp\/v2\/pages"}],"about":[{"href":"https:\/\/simpar.com.br\/en\/wp-json\/wp\/v2\/types\/page"}],"author":[{"embeddable":true,"href":"https:\/\/simpar.com.br\/en\/wp-json\/wp\/v2\/users\/2"}],"replies":[{"embeddable":true,"href":"https:\/\/simpar.com.br\/en\/wp-json\/wp\/v2\/comments?post=216"}],"version-history":[{"count":1,"href":"https:\/\/simpar.com.br\/en\/wp-json\/wp\/v2\/pages\/216\/revisions"}],"predecessor-version":[{"id":2171,"href":"https:\/\/simpar.com.br\/en\/wp-json\/wp\/v2\/pages\/216\/revisions\/2171"}],"wp:attachment":[{"href":"https:\/\/simpar.com.br\/en\/wp-json\/wp\/v2\/media?parent=216"}],"curies":[{"name":"wp","href":"https:\/\/api.w.org\/{rel}","templated":true}]}}