
{"id":2183,"date":"2024-08-06T14:59:24","date_gmt":"2024-08-06T17:59:24","guid":{"rendered":"https:\/\/simpar.com.br\/?page_id=2183"},"modified":"2024-08-06T14:59:27","modified_gmt":"2024-08-06T17:59:27","slug":"seja-um-fornecedor","status":"publish","type":"page","link":"https:\/\/simpar.com.br\/en\/seja-um-fornecedor\/","title":{"rendered":"Become a supplier"},"content":{"rendered":"<p class=\"has-text-align-center\">Through pre-registration we have the opportunity to get to know your company. We prioritize sustainable procurement and value quality, as well as the efficiency of our partners, and we believe that your company can make a significant contribution to the success of our operations.<\/p>\n\n\n\n<div style=\"height:11px\" aria-hidden=\"true\" class=\"wp-block-spacer\"><\/div>\n\n\n\n<div class=\"wp-block-buttons is-content-justification-center is-layout-flex wp-container-core-buttons-is-layout-16018d1d wp-block-buttons-is-layout-flex\">\n<div class=\"wp-block-button has-custom-font-size mt-10 mb-10 has-medium-font-size\"><a class=\"wp-block-button__link has-white-color has-text-color has-background has-link-color has-text-align-center wp-element-button\" href=\"https:\/\/forms.office.com\/pages\/responsepage.aspx?id=Eck14AqgPE-H3gsZueFVTtw5zP_AbbRAr4j54vDX6GZUQ05LTFdXUUE5R0hTSVMyVzZDVlRDTk5UWi4u\" style=\"border-radius:8px;background-color:#0091d9\" target=\"_blank\" rel=\"noreferrer noopener\">Click and register<\/a><\/div>\n<\/div>\n\n\n\n<div style=\"height:20px\" aria-hidden=\"true\" class=\"wp-block-spacer\"><\/div>\n\n\n\n<p class=\"has-text-align-center\">1. In this step, you register your company in our database of potential suppliers. If you are selected by the Procurement department, you will be invited to continue with the registration.<\/p>\n\n\n\n<p class=\"has-text-align-center\"><strong>2. Code of Conduct:<\/strong><\/p>\n\n\n\n<p class=\"has-text-align-center\">SIMPAR's Code of Conduct applies to everyone who has any link or relationship with the company. It comprises a set of guidelines that reflect our values and should guide the actions of those involved. Adherence to the Code of Conduct is mandatory for all suppliers. If you have any questions or reports of non-compliance with the Code, please contact our Compliance Channels:&nbsp;<a href=\"https:\/\/simpar.com.br\/en\/conformidade\/\">https:\/\/simpar.com.br\/conformidade\/<\/a><\/p>","protected":false},"excerpt":{"rendered":"<p>Por meio do pr\u00e9-cadastro temos a possibilidade de conhecer sua empresa, priorizamos por aquisi\u00e7\u00f5es sustent\u00e1veis e valorizamos a qualidade, bem [&hellip;]<\/p>\n","protected":false},"author":2,"featured_media":0,"parent":0,"menu_order":0,"comment_status":"closed","ping_status":"closed","template":"template-generica.php","meta":{"_acf_changed":false,"footnotes":""},"class_list":["post-2183","page","type-page","status-publish","hentry"],"acf":[],"jetpack_sharing_enabled":true,"jetpack-related-posts":[{"id":216,"url":"https:\/\/simpar.com.br\/en\/empresas\/","url_meta":{"origin":2183,"position":0},"title":"Companies","author":"S","date":"17 de July de 2020","format":false,"excerpt":"\u00a0 Companies The SIMPAR brand, listed on B3 (SIMH3), emerged in September 2020 from the corporate reorganization of the JSL Group. As a result, the holding company generates value for shareholders by simplifying its structure, with a Single Management Model, qualified people and values that underpin the...","rel":"","context":"Similar post","block_context":{"text":"Similar post","link":""},"img":{"alt_text":"","src":"","width":0,"height":0},"classes":[]},{"id":1238,"url":"https:\/\/simpar.com.br\/en\/quem-somos\/","url_meta":{"origin":2183,"position":1},"title":"About Us","author":"S","date":"16 de September de 2020","format":false,"excerpt":"Who we are We are a Group with more than 40,000 employees under the same Culture, Values and a unique Management Model, which produces sustainable results in line with the best ESG practices. A holding company that manages 7 businesses with independent and complementary operations in the logistics, mobility, sanitation,...","rel":"","context":"Similar post","block_context":{"text":"Similar post","link":""},"img":{"alt_text":"","src":"","width":0,"height":0},"classes":[]},{"id":1855,"url":"https:\/\/simpar.com.br\/en\/trabalhe-conosco\/","url_meta":{"origin":2183,"position":2},"title":"Work With Us","author":"S","date":"4 de August de 2022","format":false,"excerpt":"Selection process SIMPAR is the holding company that controls seven independent companies: JSL, Movida, Vamos, CS Brasil, Automob, Banco BBC Digital and CS Infra. Our People are made up of a diversity of generations, with complementary knowledge and experience and a lot of energy to achieve. Come and be part of #NossaGente! See...","rel":"","context":"Similar post","block_context":{"text":"Similar post","link":""},"img":{"alt_text":"","src":"","width":0,"height":0},"classes":[]},{"id":312,"url":"https:\/\/simpar.com.br\/en\/conformidade\/","url_meta":{"origin":2183,"position":3},"title":"Compliance","author":"S","date":"20 de July de 2020","format":false,"excerpt":"Compliance With a modern decision-making and strategic planning structure, aligned with the best market practices, SIMPAR considers corporate governance to be a driver of professionalism, innovation and achievement of the Mission, Vision and Organizational Values. Since 2010, we have been part of B3's Novo Mercado, which...","rel":"","context":"Similar post","block_context":{"text":"Similar post","link":""},"img":{"alt_text":"","src":"","width":0,"height":0},"classes":[]},{"id":1852,"url":"https:\/\/simpar.com.br\/en\/relacoes-com-investidores\/","url_meta":{"origin":2183,"position":4},"title":"Investor relations","author":"S","date":"4 de August de 2022","format":false,"excerpt":"SIMPAR's strategy is to seek the constant development of all its subsidiaries, ensuring operational efficiency, high standards of governance, strategic alliances and the development of new businesses and segments for the Group. The management of the holding company's investment portfolio takes into account, among other factors, the return...","rel":"","context":"Similar post","block_context":{"text":"Similar post","link":""},"img":{"alt_text":"","src":"","width":0,"height":0},"classes":[]},{"id":268,"url":"https:\/\/simpar.com.br\/en\/sustentabilidade\/","url_meta":{"origin":2183,"position":5},"title":"Sustainability","author":"S","date":"17 de July de 2020","format":false,"excerpt":"Sustainable growth, with decisions that take into account the Economic, Environmental, Social and Governance dimensions in the Group and its subsidiaries. Strategies We have policies and actions aimed at efficient use of all natural resources. We have set targets for electricity and fuel consumption, as well as compensation programs, such as the...","rel":"","context":"Similar post","block_context":{"text":"Similar post","link":""},"img":{"alt_text":"","src":"","width":0,"height":0},"classes":[]}],"_links":{"self":[{"href":"https:\/\/simpar.com.br\/en\/wp-json\/wp\/v2\/pages\/2183","targetHints":{"allow":["GET"]}}],"collection":[{"href":"https:\/\/simpar.com.br\/en\/wp-json\/wp\/v2\/pages"}],"about":[{"href":"https:\/\/simpar.com.br\/en\/wp-json\/wp\/v2\/types\/page"}],"author":[{"embeddable":true,"href":"https:\/\/simpar.com.br\/en\/wp-json\/wp\/v2\/users\/2"}],"replies":[{"embeddable":true,"href":"https:\/\/simpar.com.br\/en\/wp-json\/wp\/v2\/comments?post=2183"}],"version-history":[{"count":8,"href":"https:\/\/simpar.com.br\/en\/wp-json\/wp\/v2\/pages\/2183\/revisions"}],"predecessor-version":[{"id":2192,"href":"https:\/\/simpar.com.br\/en\/wp-json\/wp\/v2\/pages\/2183\/revisions\/2192"}],"wp:attachment":[{"href":"https:\/\/simpar.com.br\/en\/wp-json\/wp\/v2\/media?parent=2183"}],"curies":[{"name":"wp","href":"https:\/\/api.w.org\/{rel}","templated":true}]}}