
{"id":2312,"date":"2024-12-06T12:42:30","date_gmt":"2024-12-06T15:42:30","guid":{"rendered":"https:\/\/simpar.com.br\/?page_id=2312"},"modified":"2024-12-06T12:42:32","modified_gmt":"2024-12-06T15:42:32","slug":"participacao-em-licitacao","status":"publish","type":"page","link":"https:\/\/simpar.com.br\/en\/participacao-em-licitacao\/","title":{"rendered":"Participation in Bidding"},"content":{"rendered":"<p><iframe src=\"https:\/\/privacy-central.securiti.ai\/notice-embed\/2c74c491-5ca3-4e40-b409-b964dac64b4f\" style=\"border: none;width: 100%;height: 800px;\"><\/iframe><\/p>","protected":false},"excerpt":{"rendered":"","protected":false},"author":2,"featured_media":0,"parent":0,"menu_order":0,"comment_status":"closed","ping_status":"closed","template":"template-generica-larga.php","meta":{"_acf_changed":false,"footnotes":""},"class_list":["post-2312","page","type-page","status-publish","hentry"],"acf":[],"jetpack_sharing_enabled":true,"jetpack-related-posts":[{"id":312,"url":"https:\/\/simpar.com.br\/en\/conformidade\/","url_meta":{"origin":2312,"position":0},"title":"Compliance","author":"S","date":"20 de July de 2020","format":false,"excerpt":"Compliance With a modern decision-making and strategic planning structure, aligned with the best market practices, SIMPAR considers corporate governance to be a driver of professionalism, innovation and achievement of the Mission, Vision and Organizational Values. Since 2010, we have been part of B3's Novo Mercado, which...","rel":"","context":"Similar post","block_context":{"text":"Similar post","link":""},"img":{"alt_text":"","src":"","width":0,"height":0},"classes":[]},{"id":1905,"url":"https:\/\/simpar.com.br\/en\/imprensa\/","url_meta":{"origin":2312,"position":1},"title":"Press","author":"S","date":"22 de August de 2022","format":false,"excerpt":"Press Contacts For information about SIMPAR, its subsidiaries and the Julio Sim\u00f5es Institute:Material FactAngelita Gon\u00e7alvesService Director(11) 99196-1129imprensa.simpar@agenciafr.com.br For information about JSL:GBR Comunica\u00e7\u00e3oimprensa.jsl@gbr.com Photo gallery CaptionBBC Digital app and card CreditsJulio Bittencourt Download photo (14 mb) CaptionMan and his BBC Bank app...","rel":"","context":"Similar post","block_context":{"text":"Similar post","link":""},"img":{"alt_text":"","src":"","width":0,"height":0},"classes":[]},{"id":263,"url":"https:\/\/simpar.com.br\/en\/nossos-projetos\/","url_meta":{"origin":2312,"position":2},"title":"Our Projects","author":"S","date":"17 de July de 2020","format":false,"excerpt":"Our projects SIMPAR and its subsidiaries participate in a variety of social projects, as well as presenting their own initiatives that have an impact on the communities in which they operate. Through a socio-economic mapping of municipalities, it bases its actions on a diagnosis of the socio-environmental issues of each location, prioritizing the formation of networks of...","rel":"","context":"Similar post","block_context":{"text":"Similar post","link":""},"img":{"alt_text":"","src":"","width":0,"height":0},"classes":[]},{"id":216,"url":"https:\/\/simpar.com.br\/en\/empresas\/","url_meta":{"origin":2312,"position":3},"title":"Companies","author":"S","date":"17 de July de 2020","format":false,"excerpt":"\u00a0 Companies The SIMPAR brand, listed on B3 (SIMH3), emerged in September 2020 from the corporate reorganization of the JSL Group. As a result, the holding company generates value for shareholders by simplifying its structure, with a Single Management Model, qualified people and values that underpin the...","rel":"","context":"Similar post","block_context":{"text":"Similar post","link":""},"img":{"alt_text":"","src":"","width":0,"height":0},"classes":[]}],"_links":{"self":[{"href":"https:\/\/simpar.com.br\/en\/wp-json\/wp\/v2\/pages\/2312","targetHints":{"allow":["GET"]}}],"collection":[{"href":"https:\/\/simpar.com.br\/en\/wp-json\/wp\/v2\/pages"}],"about":[{"href":"https:\/\/simpar.com.br\/en\/wp-json\/wp\/v2\/types\/page"}],"author":[{"embeddable":true,"href":"https:\/\/simpar.com.br\/en\/wp-json\/wp\/v2\/users\/2"}],"replies":[{"embeddable":true,"href":"https:\/\/simpar.com.br\/en\/wp-json\/wp\/v2\/comments?post=2312"}],"version-history":[{"count":1,"href":"https:\/\/simpar.com.br\/en\/wp-json\/wp\/v2\/pages\/2312\/revisions"}],"predecessor-version":[{"id":2313,"href":"https:\/\/simpar.com.br\/en\/wp-json\/wp\/v2\/pages\/2312\/revisions\/2313"}],"wp:attachment":[{"href":"https:\/\/simpar.com.br\/en\/wp-json\/wp\/v2\/media?parent=2312"}],"curies":[{"name":"wp","href":"https:\/\/api.w.org\/{rel}","templated":true}]}}