
{"id":268,"date":"2020-07-17T17:05:11","date_gmt":"2020-07-17T20:05:11","guid":{"rendered":"http:\/\/localhost:8080\/?page_id=268"},"modified":"2020-07-17T17:05:11","modified_gmt":"2020-07-17T20:05:11","slug":"sustentabilidade","status":"publish","type":"page","link":"https:\/\/simpar.com.br\/en\/sustentabilidade\/","title":{"rendered":"Sustainability"},"content":{"rendered":"<div class=\"container\">\n<div class=\"row\">\n<div class=\"col-md-10 offset-md-1\">\n<p>Sustainable growth, with decisions that contemplate the Economic, Environmental, Social, and Governance dimensions in the Group and its subsidiaries.<\/p>\n<\/div>\n<\/div>\n<\/div>\n<div class=\"container\">\n<h2>Strategies<\/h2>\n<div id=\"accordionHere\" class=\"accordion\"><\/div>\n<\/div>\n<div class=\"tabs-container\">\n<ul id=\"sustentabilidade\" class=\"nav nav-tabs\" role=\"tablist\">\n<li class=\"nav-item\" role=\"presentation\"><\/li>\n<\/ul>\n<\/div>\n<div class=\"tabs-container\">\n<div id=\"sustentabilidadecontent\" class=\"tab-content\">\n<div id=\"content1\" class=\"tab-pane fade show active\" role=\"tabpanel\" aria-labelledby=\"tab1\">\n<div class=\"row\">\n<div class=\"col-md-6\">\n<p>We have policies and actions aimed at the efficient use of all natural resources. We set targets for electricity and fuel consumption, in addition to compensation programs, such as Movida's Carbon Free program<\/p>\n<p>Some of our main projects include the Management of CO2 and pollutant gases emissions, waste management, conscious consumption of natural resources, and projects for the use of renewable energy.<\/p>\n<p class=\"translation-block\">The Group works in such a way as to contribute to  <strong>SIMPAR<\/strong>'s goal of reducing the intensity of its emissions by 15% by 2030, linked to the Sustainability-Linked Bond.<\/p>\n<p class=\"translation-block\">Learn more about our decarbonization projects in our  <a href=\"\/en\/relatorios-integrados\/\" target=\"_self\">Integrated Report<\/a>.<\/p>\n<\/div>\n<div class=\"col-md-6\"><img data-recalc-dims=\"1\" decoding=\"async\" src=\"https:\/\/i0.wp.com\/simpar.com.br\/wp-content\/themes\/simpar-2022\/img\/ambiental.jpg?w=640&#038;ssl=1\" alt=\"Crian\u00e7as plantando \u00e1rvores\" data-pagespeed-url-hash=\"2333931936\" title=\"\"><\/div>\n<\/div>\n<\/div>\n<div id=\"content2\" class=\"tab-pane fade\" role=\"tabpanel\" aria-labelledby=\"tab2\">\n<div class=\"row\">\n<div class=\"col-md-6\">\n<p class=\"translation-block\">Since its establishment, the Group seeks to generate a positive impact by contributing to the development of the communities in which we operate through social programs that have synergy with the business. The  <a href=\"https:\/\/institutojuliosimoes.org.br\/\" target=\"_blank\">Julio Sim\u00f5es Institute<\/a> was created in 2006 to centralize and enhance the actions and investments in the social area made by Mr. Julio Sim\u00f5es and his wife. In addition, the Group has been developing several initiatives aligned to its material themes.<\/p>\n<p>Main initiatives:<\/p>\n<ul>\n<li><em>Voc\u00ea Quer? Voc\u00ea Pode!<\/em> (If You want it, You Can!)<\/li>\n<li><em>Mulheres na Dire\u00e7\u00e3o<\/em> (Women Behind the Wheel)<\/li>\n<li><em>Respeito \u00e0 Diversidade<\/em>  (Respect for Diversity)<\/li>\n<li><em>Seguran\u00e7a das Pessoas<\/em>  (People Safety)<\/li>\n<li><em>Ligado em Voc\u00ea<\/em>  (Connected to You)<\/li>\n<li><em>Gest\u00e3o de Fornecedores<\/em>  (Supplier Management)<\/li>\n<li><em>Na M\u00e3o Certa<\/em>  (On the Right Track)<\/li>\n<li><em>Caminho do Bem<\/em>  (The Path of Good)<\/li>\n<\/ul>\n<p>Check out our <a href=\"https:\/\/simpar.com.br\/arquivos\/Politica-de-Investimento-Social-SIMPAR.pdf\" target=\"_blank\" rel=\"noopener\">Social Investment Policy<\/a>.<\/p>\n<\/div>\n<div class=\"col-md-6\"><img data-recalc-dims=\"1\" decoding=\"async\" src=\"https:\/\/i0.wp.com\/simpar.com.br\/wp-content\/themes\/simpar-2022\/img\/social.jpg?w=640&#038;ssl=1\" alt=\"M\u00e3os pr\u00f3ximas em sinal de uni\u00e3o\" data-pagespeed-url-hash=\"1508758534\" title=\"\"><\/div>\n<\/div>\n<\/div>\n<div id=\"content3\" class=\"tab-pane fade\" role=\"tabpanel\" aria-labelledby=\"tab3\">\n<div class=\"row\">\n<div class=\"col-md-6\">\n<p class=\"translation-block\">Listed on B3's Novo Mercado since 2010,  <strong>SIMPAR<\/strong> focuses on ensuring the highest standards of transparency, corporate responsibility, integrity and fairness in its decision-making processes and those of its subsidiaries. To this end, it has in its governance structure a Board of Directors comprising five members, two of whom are independent, and eight bodies that report directly to it.<\/p>\n<p>In the context of the Group, the role of the holding company is to define strategic guidelines for business planning and development, and to ensure professionalism, independence, and the avoidance of conflicts of interest.<\/p>\n<p>We are signatories of the Business Pact for Integrity and Against Corruption of the Ethos Institute, we have a Compliance Program based on the Clean Company Act and the best practices proposed by the Office of the Comptroller General (CGU); a Code of Conduct that guides our relations with the various parties; a Whistleblower Channel with guaranteed anonymity and investigation of cases, and a comprehensive Anti-Corruption Policy.<\/p>\n<p>Also noteworthy is our membership of the UN Global Compact, which since 2014 has reinforced our commitment to the ESG (Environmental, Social and Governance) dimensions and guided our efforts to contribute to achieving the Sustainable Development Goals (SDGs).<\/p>\n<p class=\"translation-block\">In 2021, <strong>SIMPAR<\/strong> joined the Corporate Sustainability Index (ISE B3) and stood out in the Corporate Sustainability Assessment (CSA) and Carbon Disclosure Project (CDP) sustainability indexes, scoring above the transportation and logistics sector worldwide.<\/p>\n<p class=\"translation-block\">Besides these actions, attentive to climate aspects, <strong>SIMPAR<\/strong> is in the process of maturing the rational to understand its resilience in different scenarios and has a climate risk matrix, examined in terms of financial consequences and probability of occurrence.<\/p>\n<p class=\"translation-block\">Access the competence matrix for board members and the risk matrix in our  <a href=\"https:\/\/simpar.com.br\/en\/relatorios-integrados\/\" target=\"_self\">Integrated Report<\/a><\/p>\n<\/div>\n<div class=\"col-md-6\"><img data-recalc-dims=\"1\" decoding=\"async\" src=\"https:\/\/i0.wp.com\/simpar.com.br\/wp-content\/themes\/simpar-2022\/img\/governanca.jpg?w=640&#038;ssl=1\" alt=\"Pessoa analisando gr\u00e1ficos projetados em realidade virtual\" data-pagespeed-url-hash=\"2826208887\" title=\"\"><\/div>\n<\/div>\n<\/div>\n<\/div>\n<\/div>\n<div class=\"container\">\n<div class=\"row\">\n<div class=\"col-md-6\"><img data-recalc-dims=\"1\" decoding=\"async\" src=\"https:\/\/i0.wp.com\/simpar.com.br\/wp-content\/themes\/simpar-2022\/img\/politicas.jpg?w=640&#038;ssl=1\" alt=\"Cientista em campo com tablet analisando informa\u00e7\u00f5es\" data-pagespeed-url-hash=\"883512661\" title=\"\"><\/div>\n<div class=\"col-md-6\">\n<h2>Policies<\/h2>\n<p class=\"translation-block\"><strong>SIMPAR<\/strong>'s Sustainability Policy reflects our commitment to the social, environmental and governance spheres. At the core of our strategy, Sustainability is a relevant part of our business structures and is present in the Company's day-to-day activities through the integration of corporate governance practices and the transformation of the company's socio-environmental performance through strategic planning that grounds the short, medium and long-term perspectives.<\/p>\n<p><a class=\"sbtn\" href=\"https:\/\/simpar.com.br\/arquivos\/Politica-Sustentabilidade-SIMPAR-Atualizada.pdf\" target=\"_blank\" rel=\"noopener\">Learn about our Sustainability Policy<\/a><\/div>\n<\/div>\n<\/div>\n<div id=\"compromissos\" class=\"container\">\n<h4>Our commitments<\/h4>\n<p><img data-recalc-dims=\"1\" decoding=\"async\" src=\"https:\/\/i0.wp.com\/simpar.com.br\/wp-content\/themes\/simpar-2022\/img\/sust1.png?w=640&#038;ssl=1\" data-pagespeed-url-hash=\"2156972307\" alt=\"\" title=\"\"> <img data-recalc-dims=\"1\" decoding=\"async\" src=\"https:\/\/i0.wp.com\/simpar.com.br\/wp-content\/themes\/simpar-2022\/img\/sust2.png?w=640&#038;ssl=1\" data-pagespeed-url-hash=\"2451472228\" alt=\"\" title=\"\"> <img data-recalc-dims=\"1\" decoding=\"async\" src=\"https:\/\/i0.wp.com\/simpar.com.br\/wp-content\/themes\/simpar-2022\/img\/sust3.png?w=640&#038;ssl=1\" data-pagespeed-url-hash=\"2745972149\" alt=\"\" title=\"\"> <img data-recalc-dims=\"1\" decoding=\"async\" src=\"https:\/\/i0.wp.com\/simpar.com.br\/wp-content\/themes\/simpar-2022\/img\/sust4.png?w=640&#038;ssl=1\" data-pagespeed-url-hash=\"3040472070\" alt=\"\" title=\"\"> <img data-recalc-dims=\"1\" decoding=\"async\" src=\"https:\/\/i0.wp.com\/simpar.com.br\/wp-content\/themes\/simpar-2022\/img\/sust5.png?w=640&#038;ssl=1\" data-pagespeed-url-hash=\"3334971991\" alt=\"\" title=\"\"> <img data-recalc-dims=\"1\" decoding=\"async\" src=\"https:\/\/i0.wp.com\/simpar.com.br\/wp-content\/themes\/simpar-2022\/img\/sust6.png?w=640&#038;ssl=1\" data-pagespeed-url-hash=\"3629471912\" alt=\"\" title=\"\"> <img data-recalc-dims=\"1\" decoding=\"async\" src=\"https:\/\/i0.wp.com\/simpar.com.br\/wp-content\/themes\/simpar-2022\/img\/sust7.png?w=640&#038;ssl=1\" data-pagespeed-url-hash=\"3923971833\" alt=\"\" title=\"\"> <img data-recalc-dims=\"1\" decoding=\"async\" src=\"https:\/\/i0.wp.com\/simpar.com.br\/wp-content\/themes\/simpar-2022\/img\/sust8.png?w=640&#038;ssl=1\" data-pagespeed-url-hash=\"4218471754\" alt=\"\" title=\"\"> <img data-recalc-dims=\"1\" decoding=\"async\" src=\"https:\/\/i0.wp.com\/simpar.com.br\/wp-content\/themes\/simpar-2022\/img\/sust9.png?w=640&#038;ssl=1\" data-pagespeed-url-hash=\"218004379\" alt=\"\" title=\"\"><\/div>","protected":false},"excerpt":{"rendered":"<p>Crescimento sustent\u00e1vel, com decis\u00f5es que contemplem as dimens\u00f5es Econ\u00f4mica, Ambiental, Social e de Governan\u00e7a no Grupo e suas controladas. Estrat\u00e9gias [&hellip;]<\/p>\n","protected":false},"author":2,"featured_media":0,"parent":0,"menu_order":0,"comment_status":"closed","ping_status":"closed","template":"template-sustentabilidade.php","meta":{"_acf_changed":false,"footnotes":""},"class_list":["post-268","page","type-page","status-publish","hentry"],"acf":[],"jetpack_sharing_enabled":true,"jetpack-related-posts":[{"id":216,"url":"https:\/\/simpar.com.br\/en\/empresas\/","url_meta":{"origin":268,"position":0},"title":"Companies","author":"S","date":"17 de July de 2020","format":false,"excerpt":"\u00a0 Companies The SIMPAR brand, listed on B3 (SIMH3), emerged in September 2020 from the corporate reorganization of the JSL Group. As a result, the holding company generates value for shareholders by simplifying its structure, with a Single Management Model, qualified people and values that underpin the...","rel":"","context":"Similar post","block_context":{"text":"Similar post","link":""},"img":{"alt_text":"","src":"","width":0,"height":0},"classes":[]},{"id":1854,"url":"https:\/\/simpar.com.br\/en\/relatorios-integrados\/","url_meta":{"origin":268,"position":1},"title":"Integrated Reports","author":"S","date":"4 de August de 2022","format":false,"excerpt":"Our Integrated Reports present the SIMPAR Group's progress in the pillars of development and management model in recent periods, through the main business indicators and our ESG agenda, as well as the perception of our stakeholders. Click below on the period you want to download. Download the...","rel":"","context":"Similar post","block_context":{"text":"Similar post","link":""},"img":{"alt_text":"","src":"","width":0,"height":0},"classes":[]},{"id":1852,"url":"https:\/\/simpar.com.br\/en\/relacoes-com-investidores\/","url_meta":{"origin":268,"position":2},"title":"Investor relations","author":"S","date":"4 de August de 2022","format":false,"excerpt":"SIMPAR's strategy is to seek the constant development of all its subsidiaries, ensuring operational efficiency, high standards of governance, strategic alliances and the development of new businesses and segments for the Group. The management of the holding company's investment portfolio takes into account, among other factors, the return...","rel":"","context":"Similar post","block_context":{"text":"Similar post","link":""},"img":{"alt_text":"","src":"","width":0,"height":0},"classes":[]},{"id":1238,"url":"https:\/\/simpar.com.br\/en\/quem-somos\/","url_meta":{"origin":268,"position":3},"title":"About Us","author":"S","date":"16 de September de 2020","format":false,"excerpt":"Who we are We are a Group with more than 40,000 employees under the same Culture, Values and a unique Management Model, which produces sustainable results in line with the best ESG practices. A holding company that manages 7 businesses with independent and complementary operations in the logistics, mobility, sanitation,...","rel":"","context":"Similar post","block_context":{"text":"Similar post","link":""},"img":{"alt_text":"","src":"","width":0,"height":0},"classes":[]},{"id":312,"url":"https:\/\/simpar.com.br\/en\/conformidade\/","url_meta":{"origin":268,"position":4},"title":"Compliance","author":"S","date":"20 de July de 2020","format":false,"excerpt":"Compliance With a modern decision-making and strategic planning structure, aligned with the best market practices, SIMPAR considers corporate governance to be a driver of professionalism, innovation and achievement of the Mission, Vision and Organizational Values. Since 2010, we have been part of B3's Novo Mercado, which...","rel":"","context":"Similar post","block_context":{"text":"Similar post","link":""},"img":{"alt_text":"","src":"","width":0,"height":0},"classes":[]},{"id":19,"url":"https:\/\/simpar.com.br\/en\/home\/","url_meta":{"origin":268,"position":5},"title":"Home","author":"S","date":"15 de July de 2020","format":false,"excerpt":"SIMPAR Holding controls 7 independent companies, with a Unique Management Model and Governance to generate Value in a sustainable way. We are more than 40,000 people.Learn more About our Companies SIMPAR operates throughout Brazil, as well as in countries in South America and South Africa. As a holding company, it...","rel":"","context":"Similar post","block_context":{"text":"Similar post","link":""},"img":{"alt_text":"","src":"","width":0,"height":0},"classes":[]}],"_links":{"self":[{"href":"https:\/\/simpar.com.br\/en\/wp-json\/wp\/v2\/pages\/268","targetHints":{"allow":["GET"]}}],"collection":[{"href":"https:\/\/simpar.com.br\/en\/wp-json\/wp\/v2\/pages"}],"about":[{"href":"https:\/\/simpar.com.br\/en\/wp-json\/wp\/v2\/types\/page"}],"author":[{"embeddable":true,"href":"https:\/\/simpar.com.br\/en\/wp-json\/wp\/v2\/users\/2"}],"replies":[{"embeddable":true,"href":"https:\/\/simpar.com.br\/en\/wp-json\/wp\/v2\/comments?post=268"}],"version-history":[{"count":0,"href":"https:\/\/simpar.com.br\/en\/wp-json\/wp\/v2\/pages\/268\/revisions"}],"wp:attachment":[{"href":"https:\/\/simpar.com.br\/en\/wp-json\/wp\/v2\/media?parent=268"}],"curies":[{"name":"wp","href":"https:\/\/api.w.org\/{rel}","templated":true}]}}