
{"id":307,"date":"2020-07-19T18:59:44","date_gmt":"2020-07-19T21:59:44","guid":{"rendered":"http:\/\/localhost:8080\/?page_id=307"},"modified":"2020-07-19T18:59:44","modified_gmt":"2020-07-19T21:59:44","slug":"fale-conosco","status":"publish","type":"page","link":"https:\/\/simpar.com.br\/en\/fale-conosco\/","title":{"rendered":"Contact us"},"content":{"rendered":"<h2>ale Conosco<\/h2>\n<p>Need information? Count on us!<br \/>\nJust choose one of the options on our contact page, the subject you would like to address and fill in the fields so that we can get back to you as soon as possible.<\/p>\n<div id=\"wpcf7-f306-o2\" class=\"wpcf7\" dir=\"ltr\" lang=\"pt-BR\" role=\"form\">\n<div class=\"screen-reader-response\">\n<p role=\"status\" aria-live=\"polite\" aria-atomic=\"true\">\n<\/div>\n<form class=\"wpcf7-form init\" action=\"\/en\/fale-conosco\/#wpcf7-f306-o2\" method=\"post\" novalidate=\"novalidate\" data-status=\"init\" data-trp-original-action=\"\/fale-conosco\/#wpcf7-f306-o2\"><label> Subject<br \/>\n<\/label><\/p>\n<input type=\"hidden\" name=\"trp-form-language\" value=\"en\"\/><\/form>\n<\/div>\n<p><label> Name<br \/>\n<span class=\"wpcf7-form-control-wrap\" data-name=\"Nome\"><input class=\"wpcf7-form-control wpcf7-text wpcf7-validates-as-required\" name=\"Nome\" size=\"40\" type=\"text\" value=\"\" placeholder=\"Name\" aria-required=\"true\" aria-invalid=\"false\" \/><\/span> <\/label><\/p>\n<p><label> E-mail<br \/>\n<span class=\"wpcf7-form-control-wrap\" data-name=\"Email\"><input class=\"wpcf7-form-control wpcf7-text wpcf7-email wpcf7-validates-as-required wpcf7-validates-as-email\" name=\"Email\" size=\"40\" type=\"email\" value=\"\" placeholder=\"E-mail\" aria-required=\"true\" aria-invalid=\"false\" \/><\/span> <\/label><\/p>\n<p><label> Message<br \/>\n<span class=\"wpcf7-form-control-wrap\" data-name=\"Mensagem\"><textarea class=\"wpcf7-form-control wpcf7-textarea wpcf7-validates-as-required\" cols=\"40\" name=\"Mensagem\" rows=\"10\" placeholder=\"Message\" aria-required=\"true\" aria-invalid=\"false\"><\/textarea><\/span> <\/label><\/p>\n<p class=\"translation-block\">We will use your personal data provided to respond to your request and clarify questions about  <strong>SIMPAR<\/strong>, our business, services or products. For further details, see our <a href=\"\/arquivos\/politica-de-privacidade.pdf\" target=\"_blank\">Privacy Notice<\/a>.<\/p>\n<h2>Talk to Us<\/h2>\n<p>Need information? Count on us!<br \/>\nJust choose one of the options on our contact page, the subject you would like to address and fill in the fields so that we can get back to you as soon as possible.<\/p>","protected":false},"excerpt":{"rendered":"<p>ale Conosco Precisa de alguma informa\u00e7\u00e3o? Conte conosco! Basta escolher aqui nas op\u00e7\u00f5es da nossa p\u00e1gina de contato qual \u00e9 [&hellip;]<\/p>\n","protected":false},"author":2,"featured_media":0,"parent":0,"menu_order":0,"comment_status":"closed","ping_status":"closed","template":"template-contato.php","meta":{"_acf_changed":false,"footnotes":""},"class_list":["post-307","page","type-page","status-publish","hentry"],"acf":[],"jetpack_sharing_enabled":true,"jetpack-related-posts":[{"id":1855,"url":"https:\/\/simpar.com.br\/en\/trabalhe-conosco\/","url_meta":{"origin":307,"position":0},"title":"Work With Us","author":"S","date":"4 de August de 2022","format":false,"excerpt":"Selection process SIMPAR is the holding company that controls seven independent companies: JSL, Movida, Vamos, CS Brasil, Automob, Banco BBC Digital and CS Infra. Our People are made up of a diversity of generations, with complementary knowledge and experience and a lot of energy to achieve. Come and be part of #NossaGente! See...","rel":"","context":"Similar post","block_context":{"text":"Similar post","link":""},"img":{"alt_text":"","src":"","width":0,"height":0},"classes":[]}],"_links":{"self":[{"href":"https:\/\/simpar.com.br\/en\/wp-json\/wp\/v2\/pages\/307","targetHints":{"allow":["GET"]}}],"collection":[{"href":"https:\/\/simpar.com.br\/en\/wp-json\/wp\/v2\/pages"}],"about":[{"href":"https:\/\/simpar.com.br\/en\/wp-json\/wp\/v2\/types\/page"}],"author":[{"embeddable":true,"href":"https:\/\/simpar.com.br\/en\/wp-json\/wp\/v2\/users\/2"}],"replies":[{"embeddable":true,"href":"https:\/\/simpar.com.br\/en\/wp-json\/wp\/v2\/comments?post=307"}],"version-history":[{"count":0,"href":"https:\/\/simpar.com.br\/en\/wp-json\/wp\/v2\/pages\/307\/revisions"}],"wp:attachment":[{"href":"https:\/\/simpar.com.br\/en\/wp-json\/wp\/v2\/media?parent=307"}],"curies":[{"name":"wp","href":"https:\/\/api.w.org\/{rel}","templated":true}]}}