
{"id":312,"date":"2020-07-20T10:38:02","date_gmt":"2020-07-20T13:38:02","guid":{"rendered":"http:\/\/localhost:8080\/?page_id=312"},"modified":"2024-07-25T16:47:35","modified_gmt":"2024-07-25T19:47:35","slug":"conformidade","status":"publish","type":"page","link":"https:\/\/simpar.com.br\/en\/conformidade\/","title":{"rendered":"Compliance"},"content":{"rendered":"<section id=\"page-header\">\n<div class=\"container\">\n<h1>Compliance<\/h1>\n<\/div>\n<\/section>\n<section class=\"page-content\">\n<div class=\"container\">\n<div class=\"row\">\n<div class=\"col-md-10 offset-md-1\">\n<p class=\"translation-block\">With a modern decision-making and strategic planning structure, aligned with the best market practices,  <strong>SIMPAR<\/strong> considers corporate governance to be an inducer of professionalism, innovation and achievement of the company\u2019s Mission, Vision and Values.<\/p>\n<p>Since 2010, we have been part of B3's Novo Mercado, which gives us a series of responsibilities in terms of ensuring transparency, fairness, corporate responsibility, and integrity in governance practices.<\/p>\n<p class=\"translation-block\">We have an independent board specialized in Internal Controls, Risks and Compliance. The board reports the results of its work and its obligations to the Audit Committee of  <strong>SIMPAR<\/strong> and the other subsidiaries that are listed on B3's Novo Mercado, in addition to maintaining the advisory support of the Ethics and Compliance Committee and the Internal Controls and Risks Committee.<\/p>\n<p>Learn about some of the pillars of the Compliance Program and the work of the CRC Board, which ensure integrity, ethics, and transparency in our business:<\/p>\n<\/div>\n<\/div>\n<\/div>\n<div class=\"columns-container dark-blue-bg image-right\">\n<div class=\"container\">\n<div class=\"row\">\n<div class=\"col-lg-5\">\n<h2>Compliance Program<\/h2>\n<p>In line with the best governance practices and with the guidelines of the Office of the Comptroller General, the Program is structured on the basis of pillars that aim to ensure the mechanisms and procedures are appropriate to the Company's structure.<\/p>\n<p class=\"translation-block\"><strong>SIMPAR<\/strong>'s Compliance Program applies to all subsidiaries and aims to prevent, detect and remediate the occurrence of deviations, frauds, irregularities and illicit acts, mainly in the public environment, as well as to strengthen ethical principles and transparency standards.<\/p>\n<\/div>\n<div class=\"col-lg-7\"><\/div>\n<\/div>\n<\/div>\n<\/div>\n<div class=\"columns-container image-left\">\n<div class=\"container\">\n<div class=\"row\">\n<div class=\"col-lg-5\">\n<h2>Code of Conduct<\/h2>\n<p class=\"translation-block\"><strong>SIMPAR<\/strong>'s Code of Conduct applies to everyone who maintains any connection or relationship with the company. It comprises a set of guidelines that portray our values and that should guide their actions. The topics covered include, among others: (i) compliance with laws and regulations; (ii) human rights; (iii) labor relations; (iv) employee conduct; (v) fighting corruption; (vi) conflict of interests; (vii) donations and sponsorships; (viii) gifts, gratuities, entertainment and hospitality; (ix) external relations (x) non-compliance and disciplinary measures; and (xi) whistleblower channel.<\/p>\n<p class=\"translation-block\"><strong>SIMPAR<\/strong> expects from its third parties the same level of ethics, integrity, transparency and compliance with the laws. See here our Code of Conduct for Third Parties.<\/p>\n<p><a class=\"sbtn\" href=\"https:\/\/simpar.com.br\/en\/arquivos\/guia-de-conduta-simpar-web_09_04_2021.pdf\/\" target=\"_blank\" rel=\"noopener\">Our Code of Conduct<\/a><\/div>\n<div class=\"col-lg-7 order-lg-first\"><\/div>\n<\/div>\n<\/div>\n<\/div>\n<div class=\"columns-container dark-blue-bg image-right\">\n<div class=\"container\">\n<div class=\"row\">\n<div class=\"col-lg-5\">\n<h2>Whistleblowing Channel<\/h2>\n<p>The Company's Whistleblowing Channel operates 24 (twenty-four) hours a day and 7 (seven) days a week a week. Whistleblowers can formalize their complaint through the following communication channels: phone, website, and e-mail, all managed exclusively by an outsourced company. Anonymity is guaranteed to whistleblowers acting in good faith, as well as the possibility of following up on the handling of the complaint independently by means of a protocol number.<\/p>\n<p><a class=\"phone-link\" href=\"tel:08007267111\">0800 726 7111<\/a><br \/>\n<a class=\"sbtn\" href=\"https:\/\/contatoseguro.com.br\/simpar\" target=\"_blank\" rel=\"noopener\">contatoseguro.com.br\/simpar<\/a><\/div>\n<div class=\"col-lg-7\"><\/div>\n<\/div>\n<\/div>\n<\/div>\n<div class=\"columns-container image-left\">\n<div class=\"container\">\n<div class=\"row\">\n<div class=\"col-lg-5\">\n<h2>Transparent Line<\/h2>\n<p class=\"translation-block\">This is a free channel for answering questions and seeking guidance on issues related to the Compliance Program, Code of Conduct, Anti-Corruption Policies and other internal regulations of  <strong>SIMPAR<\/strong>. It is accessible to internal and external public, from Monday to Friday, from 8:00 a.m. to 5:48 p.m.<\/p>\n<p><a class=\"phone-link\" href=\"tel:08007267250\">0800 726 7250<\/a><br \/>\n<a class=\"email-link\" href=\"mailto:conformidade@simpar.com.br\" target=\"_blank\" rel=\"noopener\">conformidade@simpar.com.br<\/a><\/div>\n<div class=\"col-lg-7 order-lg-first\"><\/div>\n<\/div>\n<\/div>\n<\/div>\n<div id=\"governo\" class=\"columns-container dark-blue-bg image-right\">\n<div class=\"container\">\n<div class=\"row\">\n<div class=\"col-lg-5\">\n<h2>Anti-corruption Policies<\/h2>\n<p class=\"translation-block\"><strong>SIMPAR<\/strong>'s Anti-Corruption Policy covers a set of Policies we understand as essential to effectively fight corruption, they are<\/p>\n<p><a class=\"sbtn sbtn-i\" href=\"https:\/\/simpar.com.br\/en\/arquivos\/POLITICA-DE-INTERACAO-COM-O-PODER-PUBLICO-1.pdf\/\" target=\"_blank\" rel=\"noopener\">Interaction with the Public Power<\/a><br \/>\n<a class=\"sbtn sbtn-i\" href=\"https:\/\/simpar.com.br\/en\/arquivos\/POLITICA-DE-PARTICIPACAO-EM-LICITACAO-PUBLICA-1.pdf\/\" target=\"_blank\" rel=\"noopener\">Participation in Bidding<\/a><br \/>\n<a class=\"sbtn sbtn-i\" href=\"https:\/\/simpar.com.br\/en\/arquivos\/POLITICA-DE-DOACOES-E-PATROCINIOS-1.pdf\/\" target=\"_blank\" rel=\"noopener\">Donations and Sponsorships<\/a><br \/>\n<a class=\"sbtn sbtn-i\" href=\"https:\/\/simpar.com.br\/en\/arquivos\/POLITICA-DE-BRINDE-PRESENTES-ENTRETENIMENTO-E-HOSPITALIDADE-1.pdf\/\" target=\"_blank\" rel=\"noopener\">Gifts, Entertainment and Hospitality<\/a><\/div>\n<div class=\"col-lg-7\"><\/div>\n<\/div>\n<\/div>\n<\/div>\n<div class=\"columns-container image-left\">\n<div class=\"container\">\n<div class=\"row\">\n<div class=\"col-lg-5\">\n<h2>Risk Management Policy<\/h2>\n<p>The Risk Management Policy describes the steps of the management process for (i) identification of risk events, (ii) instruments used for risk management, (iii) organizational structure for risk management, and (iv) the responsibilities of each of those involved, establishing limits for responsibilities according to the levels of risk identified.<\/p>\n<p>The risk management practices adopted by the Company are reviewed annually and\/or whenever necessary by the Internal Controls, Risks, and Compliance Area.<\/p>\n<p><a class=\"sbtn\" href=\"https:\/\/simpar.com.br\/en\/arquivos\/POLITICA-DE-GERENCIAMENTO-DE-RISCOS-1.pdf\/\" target=\"_blank\" rel=\"noopener\">Learn more here<\/a><\/div>\n<div class=\"col-lg-7 order-lg-first\"><\/div>\n<\/div>\n<\/div>\n<\/div>\n<div class=\"columns-container dark-blue-bg image-right\">\n<div class=\"container\">\n<div class=\"row\">\n<div class=\"col-lg-5\">\n<h2>GDPR<\/h2>\n<p class=\"translation-block\">Respecting your privacy and the safety of your information, we have updated our Privacy Policy, granting even more clarity and transparency on how <strong>SIMPAR<\/strong> treats personal data.<\/p>\n<p>This Privacy Policy complies with the requirements of the General Data Protection Law (LGPD) and reflects the position of <strong>SIMPAR<\/strong> to comply.<\/p>\n<p>For requests to exercise your rights or to clarify any doubts, feel free to directly contact our Personal Data Treatment Officer through the channel: <a href=\"mailto:privacidade.dados@simpar.com.br\">privacidade.dados@simpar.com.br<\/a>.<\/p>\n<p><a class=\"sbtn sbtn-i\" href=\"https:\/\/simpar.com.br\/arquivos\/politica-de-privacidade.pdf\" target=\"_blank\" rel=\"noopener\">Read our complete Privacy Policy here<\/a><\/div>\n<\/div>\n<\/div>\n<\/div>\n<\/section>","protected":false},"excerpt":{"rendered":"<p>Conformidade Com uma estrutura de tomadas de decis\u00e3o e planejamento estrat\u00e9gico moderna, alinhada \u00e0s melhores pr\u00e1ticas de mercado, a SIMPAR [&hellip;]<\/p>\n","protected":false},"author":2,"featured_media":0,"parent":0,"menu_order":0,"comment_status":"closed","ping_status":"closed","template":"template-conformidade.php","meta":{"_acf_changed":false,"footnotes":""},"class_list":["post-312","page","type-page","status-publish","hentry"],"acf":[],"jetpack_sharing_enabled":true,"jetpack-related-posts":[{"id":268,"url":"https:\/\/simpar.com.br\/en\/sustentabilidade\/","url_meta":{"origin":312,"position":0},"title":"Sustainability","author":"S","date":"17 de July de 2020","format":false,"excerpt":"Sustainable growth, with decisions that take into account the Economic, Environmental, Social and Governance dimensions in the Group and its subsidiaries. Strategies We have policies and actions aimed at efficient use of all natural resources. We have set targets for electricity and fuel consumption, as well as compensation programs, such as the...","rel":"","context":"Similar post","block_context":{"text":"Similar post","link":""},"img":{"alt_text":"","src":"","width":0,"height":0},"classes":[]},{"id":1238,"url":"https:\/\/simpar.com.br\/en\/quem-somos\/","url_meta":{"origin":312,"position":1},"title":"About Us","author":"S","date":"16 de September de 2020","format":false,"excerpt":"Who we are We are a Group with more than 40,000 employees under the same Culture, Values and a unique Management Model, which produces sustainable results in line with the best ESG practices. A holding company that manages 7 businesses with independent and complementary operations in the logistics, mobility, sanitation,...","rel":"","context":"Similar post","block_context":{"text":"Similar post","link":""},"img":{"alt_text":"","src":"","width":0,"height":0},"classes":[]},{"id":216,"url":"https:\/\/simpar.com.br\/en\/empresas\/","url_meta":{"origin":312,"position":2},"title":"Companies","author":"S","date":"17 de July de 2020","format":false,"excerpt":"\u00a0 Companies The SIMPAR brand, listed on B3 (SIMH3), emerged in September 2020 from the corporate reorganization of the JSL Group. As a result, the holding company generates value for shareholders by simplifying its structure, with a Single Management Model, qualified people and values that underpin the...","rel":"","context":"Similar post","block_context":{"text":"Similar post","link":""},"img":{"alt_text":"","src":"","width":0,"height":0},"classes":[]},{"id":1852,"url":"https:\/\/simpar.com.br\/en\/relacoes-com-investidores\/","url_meta":{"origin":312,"position":3},"title":"Investor relations","author":"S","date":"4 de August de 2022","format":false,"excerpt":"SIMPAR's strategy is to seek the constant development of all its subsidiaries, ensuring operational efficiency, high standards of governance, strategic alliances and the development of new businesses and segments for the Group. The management of the holding company's investment portfolio takes into account, among other factors, the return...","rel":"","context":"Similar post","block_context":{"text":"Similar post","link":""},"img":{"alt_text":"","src":"","width":0,"height":0},"classes":[]},{"id":2183,"url":"https:\/\/simpar.com.br\/en\/seja-um-fornecedor\/","url_meta":{"origin":312,"position":4},"title":"Become a supplier","author":"S","date":"6 de August de 2024","format":false,"excerpt":"Through pre-registration we have the opportunity to get to know your company. We prioritize sustainable procurement and value quality, as well as the efficiency of our partners, and we believe that your company can make a significant contribution to the success of our operations. Click and register 1. In this step, you register your...","rel":"","context":"Similar post","block_context":{"text":"Similar post","link":""},"img":{"alt_text":"","src":"","width":0,"height":0},"classes":[]},{"id":19,"url":"https:\/\/simpar.com.br\/en\/home\/","url_meta":{"origin":312,"position":5},"title":"Home","author":"S","date":"15 de July de 2020","format":false,"excerpt":"SIMPAR Holding controls 7 independent companies, with a Unique Management Model and Governance to generate Value in a sustainable way. We are more than 40,000 people.Learn more About our Companies SIMPAR operates throughout Brazil, as well as in countries in South America and South Africa. As a holding company, it...","rel":"","context":"Similar post","block_context":{"text":"Similar post","link":""},"img":{"alt_text":"","src":"","width":0,"height":0},"classes":[]}],"_links":{"self":[{"href":"https:\/\/simpar.com.br\/en\/wp-json\/wp\/v2\/pages\/312","targetHints":{"allow":["GET"]}}],"collection":[{"href":"https:\/\/simpar.com.br\/en\/wp-json\/wp\/v2\/pages"}],"about":[{"href":"https:\/\/simpar.com.br\/en\/wp-json\/wp\/v2\/types\/page"}],"author":[{"embeddable":true,"href":"https:\/\/simpar.com.br\/en\/wp-json\/wp\/v2\/users\/2"}],"replies":[{"embeddable":true,"href":"https:\/\/simpar.com.br\/en\/wp-json\/wp\/v2\/comments?post=312"}],"version-history":[{"count":6,"href":"https:\/\/simpar.com.br\/en\/wp-json\/wp\/v2\/pages\/312\/revisions"}],"predecessor-version":[{"id":2444,"href":"https:\/\/simpar.com.br\/en\/wp-json\/wp\/v2\/pages\/312\/revisions\/2444"}],"wp:attachment":[{"href":"https:\/\/simpar.com.br\/en\/wp-json\/wp\/v2\/media?parent=312"}],"curies":[{"name":"wp","href":"https:\/\/api.w.org\/{rel}","templated":true}]}}